{"id":2749,"date":"2023-06-23T09:01:40","date_gmt":"2023-06-23T07:01:40","guid":{"rendered":"https:\/\/acsoins.fr\/?post_type=product&#038;p=2749"},"modified":"2023-06-23T09:06:00","modified_gmt":"2023-06-23T07:06:00","slug":"gants-dexamen-vinyl-non-poudres-taille-m","status":"publish","type":"product","link":"https:\/\/acsoins.fr\/?product=gants-dexamen-vinyl-non-poudres-taille-m","title":{"rendered":"GANTS D&rsquo;EXAMEN VINYL NON POUDRES TAILLE M"},"content":{"rendered":"<p><strong><em>DESCRIPTION DU PRODUIT<\/em><\/strong><br \/>\nGants d\u2019examen \u00e0 surface lisse, ne contenant ni prot\u00e9ines de latex, ni acc\u00e9l\u00e9rateurs. Conviennent \u00e0 la manipulation de produits alimentaires non gras<br \/>\net aux t\u00e2ches de nettoyage br\u00e8ves sans produits chimiques puissants.<\/p>\n","protected":false},"excerpt":{"rendered":"<p><em><strong>POUR CONSULTER LA FICHE TECHNIQUE, CLIQUER SUR LE LIEN SUIVANT :<\/strong><\/em><\/p>\n<p><em><strong><a href=\"http:\/\/acsoins.fr\/wp-content\/uploads\/2023\/06\/442502_fr-FR-1.pdf\">442502_fr-FR<\/a><br \/>\n<\/strong><\/em><\/p>\n","protected":false},"featured_media":2752,"template":"","meta":{"site-sidebar-layout":"default","site-content-layout":"default","ast-global-header-display":"","ast-banner-title-visibility":"","ast-main-header-display":"","ast-hfb-above-header-display":"","ast-hfb-below-header-display":"","ast-hfb-mobile-header-display":"","site-post-title":"","ast-breadcrumbs-content":"","ast-featured-img":"","footer-sml-layout":"","theme-transparent-header-meta":"default","adv-header-id-meta":"","stick-header-meta":"","header-above-stick-meta":"","header-main-stick-meta":"","header-below-stick-meta":""},"product_cat":[55],"product_tag":[],"_links":{"self":[{"href":"https:\/\/acsoins.fr\/index.php?rest_route=\/wp\/v2\/product\/2749"}],"collection":[{"href":"https:\/\/acsoins.fr\/index.php?rest_route=\/wp\/v2\/product"}],"about":[{"href":"https:\/\/acsoins.fr\/index.php?rest_route=\/wp\/v2\/types\/product"}],"version-history":[{"count":3,"href":"https:\/\/acsoins.fr\/index.php?rest_route=\/wp\/v2\/product\/2749\/revisions"}],"predecessor-version":[{"id":2753,"href":"https:\/\/acsoins.fr\/index.php?rest_route=\/wp\/v2\/product\/2749\/revisions\/2753"}],"wp:featuredmedia":[{"embeddable":true,"href":"https:\/\/acsoins.fr\/index.php?rest_route=\/wp\/v2\/media\/2752"}],"wp:attachment":[{"href":"https:\/\/acsoins.fr\/index.php?rest_route=%2Fwp%2Fv2%2Fmedia&parent=2749"}],"wp:term":[{"taxonomy":"product_cat","embeddable":true,"href":"https:\/\/acsoins.fr\/index.php?rest_route=%2Fwp%2Fv2%2Fproduct_cat&post=2749"},{"taxonomy":"product_tag","embeddable":true,"href":"https:\/\/acsoins.fr\/index.php?rest_route=%2Fwp%2Fv2%2Fproduct_tag&post=2749"}],"curies":[{"name":"wp","href":"https:\/\/api.w.org\/{rel}","templated":true}]}}