{"id":2731,"date":"2023-06-22T17:52:08","date_gmt":"2023-06-22T15:52:08","guid":{"rendered":"https:\/\/acsoins.fr\/?post_type=product&#038;p=2731"},"modified":"2023-06-22T18:04:48","modified_gmt":"2023-06-22T16:04:48","slug":"location-fauteuil-roulant","status":"publish","type":"product","link":"https:\/\/acsoins.fr\/?product=location-fauteuil-roulant","title":{"rendered":"LOCATION FAUTEUIL ROULANT"},"content":{"rendered":"<h2>Location d&rsquo;un fauteuil roulant \u00e0 domicile<\/h2>\n<p>L\u00e9ger et confortable, le fauteuil roulant manuel en location\u00a0 offre une facilit\u00e9 de transport gr\u00e2ce \u00e0 ses \u00e9l\u00e9ments escamotables. Ainsi, les repose-pieds se rabattent jusqu\u2019\u00e0 80\u00b0 et les roues sont d\u00e9tachables via une simple pression sur un bouton situ\u00e9 au centre de la roue. Ce fauteuil roulant manuel l\u00e9ger, dispose d\u2019une main courante en aluminium et de freins \u00e0 pousser.<\/p>\n<h2>Tailles et options d&rsquo;un fauteuil roulant manuel<\/h2>\n<p>Le fauteuil roulant manuel est disponible en plusieurs tailles qui vont du 38 cm au 50.5 cm. La principale diff\u00e9rence se situe au niveau de la largeur d\u2019assise. Bien \u00e9videmment, des fauteuils de plus petite ou plus grande taille (XL\/XXL) peuvent \u00eatre \u00e9galement lou\u00e9s. Cette gamme de fauteuil est disponible exclusivement sur commande sp\u00e9cifique. Lors de la location d\u2019un fauteuil roulant manuel, vous pouvez demander un mod\u00e8le \u00e9quip\u00e9 d\u2019un dossier inclinable pour plus de confort au quotidien. Vous pouvez rajouter, lors de la location de ce produit, un coussin d\u2019assise et un coussin de dossier pour \u00eatre install\u00e9 confortablement dans ce fauteuil.<\/p>\n<h2>Tarif du fauteuil roulant<\/h2>\n<p>Le fauteuil roulant manuel\u00a0 est propos\u00e9 \u00e0 la location au prix de :<\/p>\n<ul class=\"bullet\">\n<li>16,45\u20ac la semaine si vous ne prenez pas d\u2019accessoires,<\/li>\n<\/ul>\n","protected":false},"excerpt":{"rendered":"<p>Location d&rsquo;un fauteuil roulant \u00e0 domicile L\u00e9ger et confortable, le fauteuil roulant manuel en location\u00a0 offre une facilit\u00e9 de transport gr\u00e2ce \u00e0 ses \u00e9l\u00e9ments escamotables. Ainsi, les repose-pieds se rabattent jusqu\u2019\u00e0 80\u00b0 et les roues sont d\u00e9tachables via une simple pression sur un bouton situ\u00e9 au centre de la roue. Ce fauteuil roulant manuel l\u00e9ger, &hellip;<\/p>\n<p class=\"read-more\"> <a class=\"\" href=\"https:\/\/acsoins.fr\/?product=location-fauteuil-roulant\"> <span class=\"screen-reader-text\">LOCATION FAUTEUIL ROULANT<\/span> Lire la suite\u00a0\u00bb<\/a><\/p>\n","protected":false},"featured_media":2733,"template":"","meta":{"site-sidebar-layout":"default","site-content-layout":"default","ast-global-header-display":"","ast-banner-title-visibility":"","ast-main-header-display":"","ast-hfb-above-header-display":"","ast-hfb-below-header-display":"","ast-hfb-mobile-header-display":"","site-post-title":"","ast-breadcrumbs-content":"","ast-featured-img":"","footer-sml-layout":"","theme-transparent-header-meta":"default","adv-header-id-meta":"","stick-header-meta":"","header-above-stick-meta":"","header-main-stick-meta":"","header-below-stick-meta":""},"product_cat":[73],"product_tag":[],"_links":{"self":[{"href":"https:\/\/acsoins.fr\/index.php?rest_route=\/wp\/v2\/product\/2731"}],"collection":[{"href":"https:\/\/acsoins.fr\/index.php?rest_route=\/wp\/v2\/product"}],"about":[{"href":"https:\/\/acsoins.fr\/index.php?rest_route=\/wp\/v2\/types\/product"}],"version-history":[{"count":2,"href":"https:\/\/acsoins.fr\/index.php?rest_route=\/wp\/v2\/product\/2731\/revisions"}],"predecessor-version":[{"id":2734,"href":"https:\/\/acsoins.fr\/index.php?rest_route=\/wp\/v2\/product\/2731\/revisions\/2734"}],"wp:featuredmedia":[{"embeddable":true,"href":"https:\/\/acsoins.fr\/index.php?rest_route=\/wp\/v2\/media\/2733"}],"wp:attachment":[{"href":"https:\/\/acsoins.fr\/index.php?rest_route=%2Fwp%2Fv2%2Fmedia&parent=2731"}],"wp:term":[{"taxonomy":"product_cat","embeddable":true,"href":"https:\/\/acsoins.fr\/index.php?rest_route=%2Fwp%2Fv2%2Fproduct_cat&post=2731"},{"taxonomy":"product_tag","embeddable":true,"href":"https:\/\/acsoins.fr\/index.php?rest_route=%2Fwp%2Fv2%2Fproduct_tag&post=2731"}],"curies":[{"name":"wp","href":"https:\/\/api.w.org\/{rel}","templated":true}]}}