{"id":2729,"date":"2023-06-22T17:47:40","date_gmt":"2023-06-22T15:47:40","guid":{"rendered":"https:\/\/acsoins.fr\/?post_type=product&#038;p=2729"},"modified":"2023-06-23T07:51:37","modified_gmt":"2023-06-23T05:51:37","slug":"location-matelas-a-air","status":"publish","type":"product","link":"https:\/\/acsoins.fr\/?product=location-matelas-a-air","title":{"rendered":"LOCATION MATELAS A AIR"},"content":{"rendered":"<h2>Location d&rsquo;un matelas \u00e0 air \u00e0 domicile<\/h2>\n<p>Ce matelas \u00e0 air se gonfle de fa\u00e7on alternative afin de pr\u00e9venir et traiter au mieux le risque de d\u00e9veloppement d\u2019escarres. Selon le stade d\u2019escarres (de 1 \u00e0 4). Plus pr\u00e9cis\u00e9ment, le matelas\u00a0 est compos\u00e9 d\u2019une quinzaine de cellules anatomiques. Ces derni\u00e8res permettent d\u2019optimiser au mieux la pression. Ce matelas technique est con\u00e7u pour vous conf\u00e9rer un excellent confort. Il est \u00e9galement tr\u00e8s silencieux gr\u00e2ce \u00e0 sa technologie avanc\u00e9e. Chaque location de matelas gonflable \u00e0 air inclus une housse de protection, un c\u00e2ble d\u2019alimentation ainsi qu\u2019un compresseur \u00e0 dur\u00e9e de cycle pr\u00e9r\u00e9gl\u00e9e . Ce r\u00e9glage de la pression est fait en fonction du poids du patient, la pression s\u2019adapte par cons\u00e9quence \u00e0 toutes les morphologies.<\/p>\n<p><em><strong>TARIF \/ SEMAINE<\/strong><\/em><\/p>\n","protected":false},"excerpt":{"rendered":"<p>Location d&rsquo;un matelas \u00e0 air \u00e0 domicile Ce matelas \u00e0 air se gonfle de fa\u00e7on alternative afin de pr\u00e9venir et traiter au mieux le risque de d\u00e9veloppement d\u2019escarres. Selon le stade d\u2019escarres (de 1 \u00e0 4). Plus pr\u00e9cis\u00e9ment, le matelas\u00a0 est compos\u00e9 d\u2019une quinzaine de cellules anatomiques. Ces derni\u00e8res permettent d\u2019optimiser au mieux la pression. &hellip;<\/p>\n<p class=\"read-more\"> <a class=\"\" href=\"https:\/\/acsoins.fr\/?product=location-matelas-a-air\"> <span class=\"screen-reader-text\">LOCATION MATELAS A AIR<\/span> Lire la suite\u00a0\u00bb<\/a><\/p>\n","protected":false},"featured_media":2737,"template":"","meta":{"site-sidebar-layout":"default","site-content-layout":"default","ast-global-header-display":"","ast-banner-title-visibility":"","ast-main-header-display":"","ast-hfb-above-header-display":"","ast-hfb-below-header-display":"","ast-hfb-mobile-header-display":"","site-post-title":"","ast-breadcrumbs-content":"","ast-featured-img":"","footer-sml-layout":"","theme-transparent-header-meta":"default","adv-header-id-meta":"","stick-header-meta":"","header-above-stick-meta":"","header-main-stick-meta":"","header-below-stick-meta":""},"product_cat":[73],"product_tag":[],"_links":{"self":[{"href":"https:\/\/acsoins.fr\/index.php?rest_route=\/wp\/v2\/product\/2729"}],"collection":[{"href":"https:\/\/acsoins.fr\/index.php?rest_route=\/wp\/v2\/product"}],"about":[{"href":"https:\/\/acsoins.fr\/index.php?rest_route=\/wp\/v2\/types\/product"}],"version-history":[{"count":1,"href":"https:\/\/acsoins.fr\/index.php?rest_route=\/wp\/v2\/product\/2729\/revisions"}],"predecessor-version":[{"id":2730,"href":"https:\/\/acsoins.fr\/index.php?rest_route=\/wp\/v2\/product\/2729\/revisions\/2730"}],"wp:featuredmedia":[{"embeddable":true,"href":"https:\/\/acsoins.fr\/index.php?rest_route=\/wp\/v2\/media\/2737"}],"wp:attachment":[{"href":"https:\/\/acsoins.fr\/index.php?rest_route=%2Fwp%2Fv2%2Fmedia&parent=2729"}],"wp:term":[{"taxonomy":"product_cat","embeddable":true,"href":"https:\/\/acsoins.fr\/index.php?rest_route=%2Fwp%2Fv2%2Fproduct_cat&post=2729"},{"taxonomy":"product_tag","embeddable":true,"href":"https:\/\/acsoins.fr\/index.php?rest_route=%2Fwp%2Fv2%2Fproduct_tag&post=2729"}],"curies":[{"name":"wp","href":"https:\/\/api.w.org\/{rel}","templated":true}]}}