{"id":2727,"date":"2023-06-22T17:47:27","date_gmt":"2023-06-22T15:47:27","guid":{"rendered":"https:\/\/acsoins.fr\/?post_type=product&#038;p=2727"},"modified":"2023-06-22T18:06:51","modified_gmt":"2023-06-22T16:06:51","slug":"location-lit-medicalise","status":"publish","type":"product","link":"https:\/\/acsoins.fr\/?product=location-lit-medicalise","title":{"rendered":"LOCATION LIT MEDICALISE"},"content":{"rendered":"<h2>Louer un lit m\u00e9dicalis\u00e9<\/h2>\n<h2>Hauteur variable<\/h2>\n<h2>Rel\u00e8ve buste Electrique<\/h2>\n<h2>Rel\u00e8ve jambe avec plicature Electrique<\/h2>\n<h2>Accessoires inclus<\/h2>\n<ul class=\"bullet\">\n<li>La potence d\u2019angle avec poign\u00e9es,<\/li>\n<li>Les barri\u00e8res escamotables,<\/li>\n<\/ul>\n<p>&nbsp;<\/p>\n<div>\n<p>De plus, vous pouvez accessoiriser ce lit avec des \u00e9l\u00e9ments suppl\u00e9mentaires afin d\u2019am\u00e9liorer votre confort (accessoires non compris dans le tarif) :<\/p>\n<ul class=\"bullet\">\n<li>Table d\u2019alit\u00e9,<\/li>\n<li>Poign\u00e9e d\u2019aide au transfert,<\/li>\n<li>Housse de sommier,<\/li>\n<li>Protections de barri\u00e8res matelass\u00e9es,<\/li>\n<li>Arceau de lit,<\/li>\n<li>Matelas \u00e0 air, disponible \u00e0 la location, destin\u00e9e \u00e0 pr\u00e9venir du risque d\u2019escarres<\/li>\n<\/ul>\n<\/div>\n","protected":false},"excerpt":{"rendered":"<p>Louer un lit m\u00e9dicalis\u00e9 Hauteur variable Rel\u00e8ve buste Electrique Rel\u00e8ve jambe avec plicature Electrique Accessoires inclus La potence d\u2019angle avec poign\u00e9es, Les barri\u00e8res escamotables, &nbsp; De plus, vous pouvez accessoiriser ce lit avec des \u00e9l\u00e9ments suppl\u00e9mentaires afin d\u2019am\u00e9liorer votre confort (accessoires non compris dans le tarif) : Table d\u2019alit\u00e9, Poign\u00e9e d\u2019aide au transfert, Housse de &hellip;<\/p>\n<p class=\"read-more\"> <a class=\"\" href=\"https:\/\/acsoins.fr\/?product=location-lit-medicalise\"> <span class=\"screen-reader-text\">LOCATION LIT MEDICALISE<\/span> Lire la suite\u00a0\u00bb<\/a><\/p>\n","protected":false},"featured_media":2735,"template":"","meta":{"site-sidebar-layout":"default","site-content-layout":"default","ast-global-header-display":"","ast-banner-title-visibility":"","ast-main-header-display":"","ast-hfb-above-header-display":"","ast-hfb-below-header-display":"","ast-hfb-mobile-header-display":"","site-post-title":"","ast-breadcrumbs-content":"","ast-featured-img":"","footer-sml-layout":"","theme-transparent-header-meta":"default","adv-header-id-meta":"","stick-header-meta":"","header-above-stick-meta":"","header-main-stick-meta":"","header-below-stick-meta":""},"product_cat":[73],"product_tag":[],"_links":{"self":[{"href":"https:\/\/acsoins.fr\/index.php?rest_route=\/wp\/v2\/product\/2727"}],"collection":[{"href":"https:\/\/acsoins.fr\/index.php?rest_route=\/wp\/v2\/product"}],"about":[{"href":"https:\/\/acsoins.fr\/index.php?rest_route=\/wp\/v2\/types\/product"}],"version-history":[{"count":2,"href":"https:\/\/acsoins.fr\/index.php?rest_route=\/wp\/v2\/product\/2727\/revisions"}],"predecessor-version":[{"id":2736,"href":"https:\/\/acsoins.fr\/index.php?rest_route=\/wp\/v2\/product\/2727\/revisions\/2736"}],"wp:featuredmedia":[{"embeddable":true,"href":"https:\/\/acsoins.fr\/index.php?rest_route=\/wp\/v2\/media\/2735"}],"wp:attachment":[{"href":"https:\/\/acsoins.fr\/index.php?rest_route=%2Fwp%2Fv2%2Fmedia&parent=2727"}],"wp:term":[{"taxonomy":"product_cat","embeddable":true,"href":"https:\/\/acsoins.fr\/index.php?rest_route=%2Fwp%2Fv2%2Fproduct_cat&post=2727"},{"taxonomy":"product_tag","embeddable":true,"href":"https:\/\/acsoins.fr\/index.php?rest_route=%2Fwp%2Fv2%2Fproduct_tag&post=2727"}],"curies":[{"name":"wp","href":"https:\/\/api.w.org\/{rel}","templated":true}]}}