{"id":2724,"date":"2023-06-22T17:26:10","date_gmt":"2023-06-22T15:26:10","guid":{"rendered":"https:\/\/acsoins.fr\/?post_type=product&#038;p=2724"},"modified":"2023-06-22T17:31:31","modified_gmt":"2023-06-22T15:31:31","slug":"strappal-2-5-cm-x-10-m","status":"publish","type":"product","link":"https:\/\/acsoins.fr\/?product=strappal-2-5-cm-x-10-m","title":{"rendered":"STRAPPAL 2.5 CM X 10 M"},"content":{"rendered":"<p><em><strong>DESCRIPTION<\/strong><\/em><\/p>\n<p>Bande adh\u00e9sive \u00e9lastique Strappal blanche. Rouleau de 2,5 cm x 10 m. Produit de qualit\u00e9 tol\u00e9rant pour la peau. Pour maintenir des pansements et r\u00e9aliser des contentions et des compressions<\/p>\n","protected":false},"excerpt":{"rendered":"<p>DESCRIPTION Bande adh\u00e9sive \u00e9lastique Strappal blanche. Rouleau de 2,5 cm x 10 m. Produit de qualit\u00e9 tol\u00e9rant pour la peau. Pour maintenir des pansements et r\u00e9aliser des contentions et des compressions<\/p>\n","protected":false},"featured_media":2725,"template":"","meta":{"site-sidebar-layout":"default","site-content-layout":"default","ast-global-header-display":"","ast-banner-title-visibility":"","ast-main-header-display":"","ast-hfb-above-header-display":"","ast-hfb-below-header-display":"","ast-hfb-mobile-header-display":"","site-post-title":"","ast-breadcrumbs-content":"","ast-featured-img":"","footer-sml-layout":"","theme-transparent-header-meta":"default","adv-header-id-meta":"","stick-header-meta":"","header-above-stick-meta":"","header-main-stick-meta":"","header-below-stick-meta":""},"product_cat":[72,41],"product_tag":[],"_links":{"self":[{"href":"https:\/\/acsoins.fr\/index.php?rest_route=\/wp\/v2\/product\/2724"}],"collection":[{"href":"https:\/\/acsoins.fr\/index.php?rest_route=\/wp\/v2\/product"}],"about":[{"href":"https:\/\/acsoins.fr\/index.php?rest_route=\/wp\/v2\/types\/product"}],"version-history":[{"count":1,"href":"https:\/\/acsoins.fr\/index.php?rest_route=\/wp\/v2\/product\/2724\/revisions"}],"predecessor-version":[{"id":2726,"href":"https:\/\/acsoins.fr\/index.php?rest_route=\/wp\/v2\/product\/2724\/revisions\/2726"}],"wp:featuredmedia":[{"embeddable":true,"href":"https:\/\/acsoins.fr\/index.php?rest_route=\/wp\/v2\/media\/2725"}],"wp:attachment":[{"href":"https:\/\/acsoins.fr\/index.php?rest_route=%2Fwp%2Fv2%2Fmedia&parent=2724"}],"wp:term":[{"taxonomy":"product_cat","embeddable":true,"href":"https:\/\/acsoins.fr\/index.php?rest_route=%2Fwp%2Fv2%2Fproduct_cat&post=2724"},{"taxonomy":"product_tag","embeddable":true,"href":"https:\/\/acsoins.fr\/index.php?rest_route=%2Fwp%2Fv2%2Fproduct_tag&post=2724"}],"curies":[{"name":"wp","href":"https:\/\/api.w.org\/{rel}","templated":true}]}}