{"id":2715,"date":"2023-06-22T17:20:02","date_gmt":"2023-06-22T15:20:02","guid":{"rendered":"https:\/\/acsoins.fr\/?post_type=product&#038;p=2715"},"modified":"2023-06-22T17:34:32","modified_gmt":"2023-06-22T15:34:32","slug":"tensoplast-8-cm-x-2-5-m-hb","status":"publish","type":"product","link":"https:\/\/acsoins.fr\/?product=tensoplast-8-cm-x-2-5-m-hb","title":{"rendered":"TENSOPLAST 8 CM X 2.5 M HB"},"content":{"rendered":"<p><em><strong>DESCRIPTION<\/strong><\/em><\/p>\n<p>Bande adh\u00e9sive \u00e9lastique Tensoplast blanche. Rouleau de 2,5 m x 8 cm. Produit de qualit\u00e9 tol\u00e9rant pour la peau. Pour maintenir des pansements et r\u00e9aliser des contentions et des compressions<\/p>\n","protected":false},"excerpt":{"rendered":"<p>DESCRIPTION Bande adh\u00e9sive \u00e9lastique Tensoplast blanche. Rouleau de 2,5 m x 8 cm. Produit de qualit\u00e9 tol\u00e9rant pour la peau. Pour maintenir des pansements et r\u00e9aliser des contentions et des compressions<\/p>\n","protected":false},"featured_media":2716,"template":"","meta":{"site-sidebar-layout":"default","site-content-layout":"default","ast-global-header-display":"","ast-banner-title-visibility":"","ast-main-header-display":"","ast-hfb-above-header-display":"","ast-hfb-below-header-display":"","ast-hfb-mobile-header-display":"","site-post-title":"","ast-breadcrumbs-content":"","ast-featured-img":"","footer-sml-layout":"","theme-transparent-header-meta":"default","adv-header-id-meta":"","stick-header-meta":"","header-above-stick-meta":"","header-main-stick-meta":"","header-below-stick-meta":""},"product_cat":[72,41],"product_tag":[],"_links":{"self":[{"href":"https:\/\/acsoins.fr\/index.php?rest_route=\/wp\/v2\/product\/2715"}],"collection":[{"href":"https:\/\/acsoins.fr\/index.php?rest_route=\/wp\/v2\/product"}],"about":[{"href":"https:\/\/acsoins.fr\/index.php?rest_route=\/wp\/v2\/types\/product"}],"version-history":[{"count":1,"href":"https:\/\/acsoins.fr\/index.php?rest_route=\/wp\/v2\/product\/2715\/revisions"}],"predecessor-version":[{"id":2717,"href":"https:\/\/acsoins.fr\/index.php?rest_route=\/wp\/v2\/product\/2715\/revisions\/2717"}],"wp:featuredmedia":[{"embeddable":true,"href":"https:\/\/acsoins.fr\/index.php?rest_route=\/wp\/v2\/media\/2716"}],"wp:attachment":[{"href":"https:\/\/acsoins.fr\/index.php?rest_route=%2Fwp%2Fv2%2Fmedia&parent=2715"}],"wp:term":[{"taxonomy":"product_cat","embeddable":true,"href":"https:\/\/acsoins.fr\/index.php?rest_route=%2Fwp%2Fv2%2Fproduct_cat&post=2715"},{"taxonomy":"product_tag","embeddable":true,"href":"https:\/\/acsoins.fr\/index.php?rest_route=%2Fwp%2Fv2%2Fproduct_tag&post=2715"}],"curies":[{"name":"wp","href":"https:\/\/api.w.org\/{rel}","templated":true}]}}