{"id":2699,"date":"2023-06-22T16:40:25","date_gmt":"2023-06-22T14:40:25","guid":{"rendered":"https:\/\/acsoins.fr\/?post_type=product&#038;p=2699"},"modified":"2023-06-22T16:45:32","modified_gmt":"2023-06-22T14:45:32","slug":"gel-echo-5-litres","status":"publish","type":"product","link":"https:\/\/acsoins.fr\/?product=gel-echo-5-litres","title":{"rendered":"GEL ECHO 5 Litres"},"content":{"rendered":"<p>&nbsp;<\/p>\n<p><em><strong>DESCRIPTION<\/strong><\/em><\/p>\n<p>Gel de contact Asept Neo Jelly Us pour \u00e9chographie, ECG et Doppler.<br \/>\nCe gel \u00e9chographique est hypoallerg\u00e9nique, hydrosoluble, non irritant, non corrosif, et non abrasif.<\/p>\n<p>La couleur bleue permet de s\u2019assurer que la sonde est bien nettoy\u00e9e.<\/p>\n<p><em><strong>Principaux composants et mat\u00e9riaux :<\/strong><\/em><br \/>\nEau, polym\u00e8res, agents colorants, conservateurs, agents humectant.<\/p>\n","protected":false},"excerpt":{"rendered":"<p>&nbsp; DESCRIPTION Gel de contact Asept Neo Jelly Us pour \u00e9chographie, ECG et Doppler. Ce gel \u00e9chographique est hypoallerg\u00e9nique, hydrosoluble, non irritant, non corrosif, et non abrasif. La couleur bleue permet de s\u2019assurer que la sonde est bien nettoy\u00e9e. Principaux composants et mat\u00e9riaux : Eau, polym\u00e8res, agents colorants, conservateurs, agents humectant.<\/p>\n","protected":false},"featured_media":2697,"template":"","meta":{"site-sidebar-layout":"default","site-content-layout":"default","ast-global-header-display":"","ast-banner-title-visibility":"","ast-main-header-display":"","ast-hfb-above-header-display":"","ast-hfb-below-header-display":"","ast-hfb-mobile-header-display":"","site-post-title":"","ast-breadcrumbs-content":"","ast-featured-img":"","footer-sml-layout":"","theme-transparent-header-meta":"default","adv-header-id-meta":"","stick-header-meta":"","header-above-stick-meta":"","header-main-stick-meta":"","header-below-stick-meta":""},"product_cat":[70,41],"product_tag":[],"_links":{"self":[{"href":"https:\/\/acsoins.fr\/index.php?rest_route=\/wp\/v2\/product\/2699"}],"collection":[{"href":"https:\/\/acsoins.fr\/index.php?rest_route=\/wp\/v2\/product"}],"about":[{"href":"https:\/\/acsoins.fr\/index.php?rest_route=\/wp\/v2\/types\/product"}],"version-history":[{"count":2,"href":"https:\/\/acsoins.fr\/index.php?rest_route=\/wp\/v2\/product\/2699\/revisions"}],"predecessor-version":[{"id":2701,"href":"https:\/\/acsoins.fr\/index.php?rest_route=\/wp\/v2\/product\/2699\/revisions\/2701"}],"wp:featuredmedia":[{"embeddable":true,"href":"https:\/\/acsoins.fr\/index.php?rest_route=\/wp\/v2\/media\/2697"}],"wp:attachment":[{"href":"https:\/\/acsoins.fr\/index.php?rest_route=%2Fwp%2Fv2%2Fmedia&parent=2699"}],"wp:term":[{"taxonomy":"product_cat","embeddable":true,"href":"https:\/\/acsoins.fr\/index.php?rest_route=%2Fwp%2Fv2%2Fproduct_cat&post=2699"},{"taxonomy":"product_tag","embeddable":true,"href":"https:\/\/acsoins.fr\/index.php?rest_route=%2Fwp%2Fv2%2Fproduct_tag&post=2699"}],"curies":[{"name":"wp","href":"https:\/\/api.w.org\/{rel}","templated":true}]}}