{"id":2693,"date":"2023-06-22T16:31:04","date_gmt":"2023-06-22T14:31:04","guid":{"rendered":"https:\/\/acsoins.fr\/?post_type=product&#038;p=2693"},"modified":"2023-06-22T16:33:18","modified_gmt":"2023-06-22T14:33:18","slug":"kinemer-creme-de-massage-neutre-5-litres","status":"publish","type":"product","link":"https:\/\/acsoins.fr\/?product=kinemer-creme-de-massage-neutre-5-litres","title":{"rendered":"Kin\u00e9mer cr\u00e8me de massage Neutre 5 Litres"},"content":{"rendered":"<h2><em><strong>Description<\/strong> <\/em><\/h2>\n<p>La\u00a0<strong>cr\u00e8me de massage Kin\u00e9mer neutre<\/strong>\u00a0est une cr\u00e8me principalement utilis\u00e9e par les kin\u00e9sith\u00e9rapeutes pour des longs massages.<\/p>\n<p>En plus d&rsquo;\u00eatre efficace et \u00e9conomique, il est tr\u00e8s facile de s&rsquo;en servir du fait de sa texture fine et l\u00e9g\u00e8re.<\/p>\n<p>La\u00a0<strong>cr\u00e8me de massage Kin\u00e9mer<\/strong>\u00a0<strong>neutre<\/strong>\u00a0est compos\u00e9e d&rsquo;eau, d&rsquo;\u00e9mulsifiant et d&rsquo;huile min\u00e9rale.<\/p>\n<p>Plusieurs contenances au choix : 500 ml, 1L, 5L<\/p>\n<p>Conditionnement :\u00a0\u00e0 l&rsquo;unit\u00e9<\/p>\n","protected":false},"excerpt":{"rendered":"<p>Description La\u00a0cr\u00e8me de massage Kin\u00e9mer neutre\u00a0est une cr\u00e8me principalement utilis\u00e9e par les kin\u00e9sith\u00e9rapeutes pour des longs massages. En plus d&rsquo;\u00eatre efficace et \u00e9conomique, il est tr\u00e8s facile de s&rsquo;en servir du fait de sa texture fine et l\u00e9g\u00e8re. La\u00a0cr\u00e8me de massage Kin\u00e9mer\u00a0neutre\u00a0est compos\u00e9e d&rsquo;eau, d&rsquo;\u00e9mulsifiant et d&rsquo;huile min\u00e9rale. Plusieurs contenances au choix : 500 ml, &hellip;<\/p>\n<p class=\"read-more\"> <a class=\"\" href=\"https:\/\/acsoins.fr\/?product=kinemer-creme-de-massage-neutre-5-litres\"> <span class=\"screen-reader-text\">Kin\u00e9mer cr\u00e8me de massage Neutre 5 Litres<\/span> Lire la suite\u00a0\u00bb<\/a><\/p>\n","protected":false},"featured_media":2694,"template":"","meta":{"site-sidebar-layout":"default","site-content-layout":"default","ast-global-header-display":"","ast-banner-title-visibility":"","ast-main-header-display":"","ast-hfb-above-header-display":"","ast-hfb-below-header-display":"","ast-hfb-mobile-header-display":"","site-post-title":"","ast-breadcrumbs-content":"","ast-featured-img":"","footer-sml-layout":"","theme-transparent-header-meta":"default","adv-header-id-meta":"","stick-header-meta":"","header-above-stick-meta":"","header-main-stick-meta":"","header-below-stick-meta":""},"product_cat":[69,41],"product_tag":[],"_links":{"self":[{"href":"https:\/\/acsoins.fr\/index.php?rest_route=\/wp\/v2\/product\/2693"}],"collection":[{"href":"https:\/\/acsoins.fr\/index.php?rest_route=\/wp\/v2\/product"}],"about":[{"href":"https:\/\/acsoins.fr\/index.php?rest_route=\/wp\/v2\/types\/product"}],"version-history":[{"count":1,"href":"https:\/\/acsoins.fr\/index.php?rest_route=\/wp\/v2\/product\/2693\/revisions"}],"predecessor-version":[{"id":2695,"href":"https:\/\/acsoins.fr\/index.php?rest_route=\/wp\/v2\/product\/2693\/revisions\/2695"}],"wp:featuredmedia":[{"embeddable":true,"href":"https:\/\/acsoins.fr\/index.php?rest_route=\/wp\/v2\/media\/2694"}],"wp:attachment":[{"href":"https:\/\/acsoins.fr\/index.php?rest_route=%2Fwp%2Fv2%2Fmedia&parent=2693"}],"wp:term":[{"taxonomy":"product_cat","embeddable":true,"href":"https:\/\/acsoins.fr\/index.php?rest_route=%2Fwp%2Fv2%2Fproduct_cat&post=2693"},{"taxonomy":"product_tag","embeddable":true,"href":"https:\/\/acsoins.fr\/index.php?rest_route=%2Fwp%2Fv2%2Fproduct_tag&post=2693"}],"curies":[{"name":"wp","href":"https:\/\/api.w.org\/{rel}","templated":true}]}}