{"id":2682,"date":"2023-06-22T11:33:31","date_gmt":"2023-06-22T09:33:31","guid":{"rendered":"https:\/\/acsoins.fr\/?post_type=product&#038;p=2682"},"modified":"2023-06-22T11:33:31","modified_gmt":"2023-06-22T09:33:31","slug":"creme-de-massage-neutre-phytomass-1-litre","status":"publish","type":"product","link":"https:\/\/acsoins.fr\/?product=creme-de-massage-neutre-phytomass-1-litre","title":{"rendered":"Cr\u00e8me de massage neutre Phytomass 1 LITRE"},"content":{"rendered":"<p><em><strong>DESCRIPTION<\/strong><\/em><\/p>\n<p>Cr\u00e8me de massage neutre de qualit\u00e9 sup\u00e9rieure. Elle convient \u00e0 tous les types de massages. Permet une bonne p\u00e9n\u00e9tration, tout en favorisant un massage prolong\u00e9 gr\u00e2ce \u00e0 son excellente glisse.<\/p>\n<p><em><strong>COMPOSITION<\/strong><\/em><\/p>\n<p>Aqua, paraffinum liquidum, cetearyl alcohol, paraffin, dimethicone, ceteareth-20, triethanolamine, imidazolidinyl urea, benzyl alcohol, dehydroacetic acid.<\/p>\n","protected":false},"excerpt":{"rendered":"<p>DESCRIPTION Cr\u00e8me de massage neutre de qualit\u00e9 sup\u00e9rieure. Elle convient \u00e0 tous les types de massages. Permet une bonne p\u00e9n\u00e9tration, tout en favorisant un massage prolong\u00e9 gr\u00e2ce \u00e0 son excellente glisse. COMPOSITION Aqua, paraffinum liquidum, cetearyl alcohol, paraffin, dimethicone, ceteareth-20, triethanolamine, imidazolidinyl urea, benzyl alcohol, dehydroacetic acid.<\/p>\n","protected":false},"featured_media":2683,"template":"","meta":{"site-sidebar-layout":"default","site-content-layout":"default","ast-global-header-display":"","ast-banner-title-visibility":"","ast-main-header-display":"","ast-hfb-above-header-display":"","ast-hfb-below-header-display":"","ast-hfb-mobile-header-display":"","site-post-title":"","ast-breadcrumbs-content":"","ast-featured-img":"","footer-sml-layout":"","theme-transparent-header-meta":"default","adv-header-id-meta":"","stick-header-meta":"","header-above-stick-meta":"","header-main-stick-meta":"","header-below-stick-meta":""},"product_cat":[69,41],"product_tag":[],"_links":{"self":[{"href":"https:\/\/acsoins.fr\/index.php?rest_route=\/wp\/v2\/product\/2682"}],"collection":[{"href":"https:\/\/acsoins.fr\/index.php?rest_route=\/wp\/v2\/product"}],"about":[{"href":"https:\/\/acsoins.fr\/index.php?rest_route=\/wp\/v2\/types\/product"}],"version-history":[{"count":1,"href":"https:\/\/acsoins.fr\/index.php?rest_route=\/wp\/v2\/product\/2682\/revisions"}],"predecessor-version":[{"id":2684,"href":"https:\/\/acsoins.fr\/index.php?rest_route=\/wp\/v2\/product\/2682\/revisions\/2684"}],"wp:featuredmedia":[{"embeddable":true,"href":"https:\/\/acsoins.fr\/index.php?rest_route=\/wp\/v2\/media\/2683"}],"wp:attachment":[{"href":"https:\/\/acsoins.fr\/index.php?rest_route=%2Fwp%2Fv2%2Fmedia&parent=2682"}],"wp:term":[{"taxonomy":"product_cat","embeddable":true,"href":"https:\/\/acsoins.fr\/index.php?rest_route=%2Fwp%2Fv2%2Fproduct_cat&post=2682"},{"taxonomy":"product_tag","embeddable":true,"href":"https:\/\/acsoins.fr\/index.php?rest_route=%2Fwp%2Fv2%2Fproduct_tag&post=2682"}],"curies":[{"name":"wp","href":"https:\/\/api.w.org\/{rel}","templated":true}]}}