{"id":2678,"date":"2023-06-22T11:03:15","date_gmt":"2023-06-22T09:03:15","guid":{"rendered":"https:\/\/acsoins.fr\/?post_type=product&#038;p=2678"},"modified":"2023-06-22T11:22:12","modified_gmt":"2023-06-22T09:22:12","slug":"creme-de-massage-pino-aloe-vera-1litre","status":"publish","type":"product","link":"https:\/\/acsoins.fr\/?product=creme-de-massage-pino-aloe-vera-1litre","title":{"rendered":"CREME DE MASSAGE PINO ALOE VERA 1LITRE"},"content":{"rendered":"<h2 class=\"class_perso2 ng-scope\">Les + de la cr\u00e8me de massage neutre<\/h2>\n<p class=\"ng-scope\">La cr\u00e8me de massage neutre Pino a \u00e9t\u00e9 \u00e9labor\u00e9e pour offrir une adh\u00e9rence optimale et un soin nourrissant intense.<\/p>\n<ul class=\"ng-scope\">\n<li>Sa base neutre respecte le PH cutan\u00e9 et offre la possibilit\u00e9 d&rsquo;y ajouter des huiles essentielles afin d&rsquo;en augmenter les propri\u00e9t\u00e9s th\u00e9rapeutiques<\/li>\n<li>Elle poss\u00e8de une texture diff\u00e9rente de l&rsquo;huile de massage. Elle est moins grasse, mais plus consistante, plus \u00e9paisse, et plus onctueuse. La cr\u00e8me de massage neutre convient donc parfaitement aux soins localis\u00e9s et est notamment tr\u00e8s utilis\u00e9e pour les massages sportifs<\/li>\n<li>Sa composition est \u00e9tudi\u00e9e pour offrir un soin intense de la peau du patient et du kin\u00e9sith\u00e9rapeute<\/li>\n<li>La cr\u00e8me de massage neutre existe aussi en format cr\u00e8me sensitive hypoallerg\u00e9nique pour les peaux les plus sensibles<\/li>\n<li>Elles sont test\u00e9es sous contr\u00f4le dermatologique<\/li>\n<\/ul>\n","protected":false},"excerpt":{"rendered":"<p>Les + de la cr\u00e8me de massage neutre La cr\u00e8me de massage neutre Pino a \u00e9t\u00e9 \u00e9labor\u00e9e pour offrir une adh\u00e9rence optimale et un soin nourrissant intense. Sa base neutre respecte le PH cutan\u00e9 et offre la possibilit\u00e9 d&rsquo;y ajouter des huiles essentielles afin d&rsquo;en augmenter les propri\u00e9t\u00e9s th\u00e9rapeutiques Elle poss\u00e8de une texture diff\u00e9rente de &hellip;<\/p>\n<p class=\"read-more\"> <a class=\"\" href=\"https:\/\/acsoins.fr\/?product=creme-de-massage-pino-aloe-vera-1litre\"> <span class=\"screen-reader-text\">CREME DE MASSAGE PINO ALOE VERA 1LITRE<\/span> Lire la suite\u00a0\u00bb<\/a><\/p>\n","protected":false},"featured_media":2679,"template":"","meta":{"site-sidebar-layout":"default","site-content-layout":"default","ast-global-header-display":"","ast-banner-title-visibility":"","ast-main-header-display":"","ast-hfb-above-header-display":"","ast-hfb-below-header-display":"","ast-hfb-mobile-header-display":"","site-post-title":"","ast-breadcrumbs-content":"","ast-featured-img":"","footer-sml-layout":"","theme-transparent-header-meta":"default","adv-header-id-meta":"","stick-header-meta":"","header-above-stick-meta":"","header-main-stick-meta":"","header-below-stick-meta":""},"product_cat":[69,41],"product_tag":[],"_links":{"self":[{"href":"https:\/\/acsoins.fr\/index.php?rest_route=\/wp\/v2\/product\/2678"}],"collection":[{"href":"https:\/\/acsoins.fr\/index.php?rest_route=\/wp\/v2\/product"}],"about":[{"href":"https:\/\/acsoins.fr\/index.php?rest_route=\/wp\/v2\/types\/product"}],"version-history":[{"count":2,"href":"https:\/\/acsoins.fr\/index.php?rest_route=\/wp\/v2\/product\/2678\/revisions"}],"predecessor-version":[{"id":2681,"href":"https:\/\/acsoins.fr\/index.php?rest_route=\/wp\/v2\/product\/2678\/revisions\/2681"}],"wp:featuredmedia":[{"embeddable":true,"href":"https:\/\/acsoins.fr\/index.php?rest_route=\/wp\/v2\/media\/2679"}],"wp:attachment":[{"href":"https:\/\/acsoins.fr\/index.php?rest_route=%2Fwp%2Fv2%2Fmedia&parent=2678"}],"wp:term":[{"taxonomy":"product_cat","embeddable":true,"href":"https:\/\/acsoins.fr\/index.php?rest_route=%2Fwp%2Fv2%2Fproduct_cat&post=2678"},{"taxonomy":"product_tag","embeddable":true,"href":"https:\/\/acsoins.fr\/index.php?rest_route=%2Fwp%2Fv2%2Fproduct_tag&post=2678"}],"curies":[{"name":"wp","href":"https:\/\/api.w.org\/{rel}","templated":true}]}}