{"id":2675,"date":"2023-06-22T11:02:36","date_gmt":"2023-06-22T09:02:36","guid":{"rendered":"https:\/\/acsoins.fr\/?post_type=product&#038;p=2675"},"modified":"2023-06-22T11:02:36","modified_gmt":"2023-06-22T09:02:36","slug":"lotion-de-massage-pino-aloe-vera-1litre","status":"publish","type":"product","link":"https:\/\/acsoins.fr\/?product=lotion-de-massage-pino-aloe-vera-1litre","title":{"rendered":"LOTION DE MASSAGE PINO ALOE VERA 1LITRE"},"content":{"rendered":"<h2 class=\"class_perso2 ng-scope\">Lotion de massage Aloe Vera Base neutre<\/h2>\n<p><span class=\"ng-scope\">Gr\u00e2ce \u00e0 sa texture douce, la lotion de massage professionnelle Aloe Vera vous garantit une excellente maniabilit\u00e9 pour tous types de massage, y compris les massages localis\u00e9s.\u00a0<\/span><br class=\"ng-scope\" \/><span class=\"ng-scope\">De plus, la gamme Basic neutre est compos\u00e9e de substances riches en panth\u00e9nol, aloe v\u00e9ra et allanto\u00efne,\u00a0excellentes pour les\u00a0soins de la peau.<\/span><br class=\"ng-scope\" \/><span class=\"ng-scope\">Gr\u00e2ce \u00e0 ses propri\u00e9t\u00e9s hydrophiles, cette lotion de massage est facile \u00e0 nettoyer apr\u00e8s application.<\/span><br class=\"ng-scope\" \/><br class=\"ng-scope\" \/><span class=\"ng-scope\">Sa base neutre permet de l&rsquo;associer \u00e0 des huiles essentielles et de b\u00e9n\u00e9ficier de bienfaits suppl\u00e9mentaires.<\/span><\/p>\n","protected":false},"excerpt":{"rendered":"<p>Lotion de massage Aloe Vera Base neutre Gr\u00e2ce \u00e0 sa texture douce, la lotion de massage professionnelle Aloe Vera vous garantit une excellente maniabilit\u00e9 pour tous types de massage, y compris les massages localis\u00e9s.\u00a0De plus, la gamme Basic neutre est compos\u00e9e de substances riches en panth\u00e9nol, aloe v\u00e9ra et allanto\u00efne,\u00a0excellentes pour les\u00a0soins de la peau.Gr\u00e2ce &hellip;<\/p>\n<p class=\"read-more\"> <a class=\"\" href=\"https:\/\/acsoins.fr\/?product=lotion-de-massage-pino-aloe-vera-1litre\"> <span class=\"screen-reader-text\">LOTION DE MASSAGE PINO ALOE VERA 1LITRE<\/span> Lire la suite\u00a0\u00bb<\/a><\/p>\n","protected":false},"featured_media":2676,"template":"","meta":{"site-sidebar-layout":"default","site-content-layout":"default","ast-global-header-display":"","ast-banner-title-visibility":"","ast-main-header-display":"","ast-hfb-above-header-display":"","ast-hfb-below-header-display":"","ast-hfb-mobile-header-display":"","site-post-title":"","ast-breadcrumbs-content":"","ast-featured-img":"","footer-sml-layout":"","theme-transparent-header-meta":"default","adv-header-id-meta":"","stick-header-meta":"","header-above-stick-meta":"","header-main-stick-meta":"","header-below-stick-meta":""},"product_cat":[69,41],"product_tag":[],"_links":{"self":[{"href":"https:\/\/acsoins.fr\/index.php?rest_route=\/wp\/v2\/product\/2675"}],"collection":[{"href":"https:\/\/acsoins.fr\/index.php?rest_route=\/wp\/v2\/product"}],"about":[{"href":"https:\/\/acsoins.fr\/index.php?rest_route=\/wp\/v2\/types\/product"}],"version-history":[{"count":1,"href":"https:\/\/acsoins.fr\/index.php?rest_route=\/wp\/v2\/product\/2675\/revisions"}],"predecessor-version":[{"id":2677,"href":"https:\/\/acsoins.fr\/index.php?rest_route=\/wp\/v2\/product\/2675\/revisions\/2677"}],"wp:featuredmedia":[{"embeddable":true,"href":"https:\/\/acsoins.fr\/index.php?rest_route=\/wp\/v2\/media\/2676"}],"wp:attachment":[{"href":"https:\/\/acsoins.fr\/index.php?rest_route=%2Fwp%2Fv2%2Fmedia&parent=2675"}],"wp:term":[{"taxonomy":"product_cat","embeddable":true,"href":"https:\/\/acsoins.fr\/index.php?rest_route=%2Fwp%2Fv2%2Fproduct_cat&post=2675"},{"taxonomy":"product_tag","embeddable":true,"href":"https:\/\/acsoins.fr\/index.php?rest_route=%2Fwp%2Fv2%2Fproduct_tag&post=2675"}],"curies":[{"name":"wp","href":"https:\/\/api.w.org\/{rel}","templated":true}]}}