{"id":2665,"date":"2023-06-21T18:59:42","date_gmt":"2023-06-21T16:59:42","guid":{"rendered":"https:\/\/acsoins.fr\/?post_type=product&#038;p=2665"},"modified":"2023-06-21T19:09:59","modified_gmt":"2023-06-21T17:09:59","slug":"kinemer-gel-fraicheur-1-litre","status":"publish","type":"product","link":"https:\/\/acsoins.fr\/?product=kinemer-gel-fraicheur-1-litre","title":{"rendered":"Kin\u00e9mer Gel Fraicheur 1 Litre"},"content":{"rendered":"<h2><em><strong><br \/>\n<\/strong> <\/em><\/h2>\n<h2>Description Gel De Massage Kin\u00e9mer Rafra\u00eechissant<\/h2>\n<p>Le\u00a0<strong>gel de massage Kin\u00e9mer<\/strong>\u00a0rafra\u00eechissant est un gel qui permet de soulager, apaiser les muscles apr\u00e8s un effort intense ou suite \u00e0 un traumatismes physiques, chocs.<\/p>\n<p>Le\u00a0<strong>gel de massage Kin\u00e9mer<\/strong>\u00a0rafra\u00eechissant est facile d&rsquo;application gr\u00e2ce \u00e0 son pouvoir p\u00e9n\u00e9trant et est compos\u00e9 de camphre, menthol, arnica, algues.<\/p>\n<p>Il peut aussi \u00eatre utilis\u00e9 dans le cas de jambes lourdes pour stimuler le retour veineux et donc diminuer la sensation de gonflement.<\/p>\n<p>Extraits d&rsquo;algues, d&rsquo;harpagophytum, de vigne rouge, de marron d&rsquo;Inde, d&rsquo;arnica.<\/p>\n<p>Ce gel procure une sensation de d\u00e9tente et de bien \u00eatre. Il favorise la d\u00e9contraction et la r\u00e9cup\u00e9ration.<\/p>\n<p>Plusieurs contenances au choix : 500 ml, 1L<\/p>\n<p>Conditionnement :\u00a0\u00e0 l&rsquo;unit\u00e9<\/p>\n","protected":false},"excerpt":{"rendered":"<p>Description Gel De Massage Kin\u00e9mer Rafra\u00eechissant Le\u00a0gel de massage Kin\u00e9mer\u00a0rafra\u00eechissant est un gel qui permet de soulager, apaiser les muscles apr\u00e8s un effort intense ou suite \u00e0 un traumatismes physiques, chocs. Le\u00a0gel de massage Kin\u00e9mer\u00a0rafra\u00eechissant est facile d&rsquo;application gr\u00e2ce \u00e0 son pouvoir p\u00e9n\u00e9trant et est compos\u00e9 de camphre, menthol, arnica, algues. Il peut aussi \u00eatre &hellip;<\/p>\n<p class=\"read-more\"> <a class=\"\" href=\"https:\/\/acsoins.fr\/?product=kinemer-gel-fraicheur-1-litre\"> <span class=\"screen-reader-text\">Kin\u00e9mer Gel Fraicheur 1 Litre<\/span> Lire la suite\u00a0\u00bb<\/a><\/p>\n","protected":false},"featured_media":2666,"template":"","meta":{"site-sidebar-layout":"default","site-content-layout":"default","ast-global-header-display":"","ast-banner-title-visibility":"","ast-main-header-display":"","ast-hfb-above-header-display":"","ast-hfb-below-header-display":"","ast-hfb-mobile-header-display":"","site-post-title":"","ast-breadcrumbs-content":"","ast-featured-img":"","footer-sml-layout":"","theme-transparent-header-meta":"default","adv-header-id-meta":"","stick-header-meta":"","header-above-stick-meta":"","header-main-stick-meta":"","header-below-stick-meta":""},"product_cat":[69,41],"product_tag":[],"_links":{"self":[{"href":"https:\/\/acsoins.fr\/index.php?rest_route=\/wp\/v2\/product\/2665"}],"collection":[{"href":"https:\/\/acsoins.fr\/index.php?rest_route=\/wp\/v2\/product"}],"about":[{"href":"https:\/\/acsoins.fr\/index.php?rest_route=\/wp\/v2\/types\/product"}],"version-history":[{"count":1,"href":"https:\/\/acsoins.fr\/index.php?rest_route=\/wp\/v2\/product\/2665\/revisions"}],"predecessor-version":[{"id":2667,"href":"https:\/\/acsoins.fr\/index.php?rest_route=\/wp\/v2\/product\/2665\/revisions\/2667"}],"wp:featuredmedia":[{"embeddable":true,"href":"https:\/\/acsoins.fr\/index.php?rest_route=\/wp\/v2\/media\/2666"}],"wp:attachment":[{"href":"https:\/\/acsoins.fr\/index.php?rest_route=%2Fwp%2Fv2%2Fmedia&parent=2665"}],"wp:term":[{"taxonomy":"product_cat","embeddable":true,"href":"https:\/\/acsoins.fr\/index.php?rest_route=%2Fwp%2Fv2%2Fproduct_cat&post=2665"},{"taxonomy":"product_tag","embeddable":true,"href":"https:\/\/acsoins.fr\/index.php?rest_route=%2Fwp%2Fv2%2Fproduct_tag&post=2665"}],"curies":[{"name":"wp","href":"https:\/\/api.w.org\/{rel}","templated":true}]}}