{"id":2614,"date":"2023-06-20T18:30:17","date_gmt":"2023-06-20T16:30:17","guid":{"rendered":"https:\/\/acsoins.fr\/?post_type=product&#038;p=2614"},"modified":"2023-06-21T18:02:56","modified_gmt":"2023-06-21T16:02:56","slug":"abena-fix-xxl","status":"publish","type":"product","link":"https:\/\/acsoins.fr\/?product=abena-fix-xxl","title":{"rendered":"ABENA FIX XXL"},"content":{"rendered":"<p><em><strong>DESCRIPTION<\/strong><\/em><\/p>\n<p>Les slips de maintien Abri-Fix Pants Super sont con\u00e7us \u00e0 partir de<br \/>\nmat\u00e9riaux microfibres doux et qui laissent la peau respirer; Leur<br \/>\n\u00e9lasticit\u00e9 permet une adaptation parfaite \u00e0 toutes les morphologies.<br \/>\nSans coutures sur les c\u00f4t\u00e9s, ils \u00e9vitent ainsi les risques de dommages<br \/>\nsur la peau.<\/p>\n<p><em><strong>CONDITIONNEMENT<\/strong><\/em><\/p>\n<p>3 Slips par paquet<\/p>\n","protected":false},"excerpt":{"rendered":"<p>POUR CONSULTER LA FICHE TECHNIQUE, CLIQUER SUR LE LIEN SUIVANT :<\/p>\n<p><a href=\"http:\/\/acsoins.fr\/wp-content\/uploads\/2023\/06\/90691-90699.pdf\">90691-90699<\/a><\/p>\n","protected":false},"featured_media":2609,"template":"","meta":{"site-sidebar-layout":"default","site-content-layout":"default","ast-global-header-display":"","ast-banner-title-visibility":"","ast-main-header-display":"","ast-hfb-above-header-display":"","ast-hfb-below-header-display":"","ast-hfb-mobile-header-display":"","site-post-title":"","ast-breadcrumbs-content":"","ast-featured-img":"","footer-sml-layout":"","theme-transparent-header-meta":"default","adv-header-id-meta":"","stick-header-meta":"","header-above-stick-meta":"","header-main-stick-meta":"","header-below-stick-meta":""},"product_cat":[67,46,38],"product_tag":[],"_links":{"self":[{"href":"https:\/\/acsoins.fr\/index.php?rest_route=\/wp\/v2\/product\/2614"}],"collection":[{"href":"https:\/\/acsoins.fr\/index.php?rest_route=\/wp\/v2\/product"}],"about":[{"href":"https:\/\/acsoins.fr\/index.php?rest_route=\/wp\/v2\/types\/product"}],"version-history":[{"count":4,"href":"https:\/\/acsoins.fr\/index.php?rest_route=\/wp\/v2\/product\/2614\/revisions"}],"predecessor-version":[{"id":2652,"href":"https:\/\/acsoins.fr\/index.php?rest_route=\/wp\/v2\/product\/2614\/revisions\/2652"}],"wp:featuredmedia":[{"embeddable":true,"href":"https:\/\/acsoins.fr\/index.php?rest_route=\/wp\/v2\/media\/2609"}],"wp:attachment":[{"href":"https:\/\/acsoins.fr\/index.php?rest_route=%2Fwp%2Fv2%2Fmedia&parent=2614"}],"wp:term":[{"taxonomy":"product_cat","embeddable":true,"href":"https:\/\/acsoins.fr\/index.php?rest_route=%2Fwp%2Fv2%2Fproduct_cat&post=2614"},{"taxonomy":"product_tag","embeddable":true,"href":"https:\/\/acsoins.fr\/index.php?rest_route=%2Fwp%2Fv2%2Fproduct_tag&post=2614"}],"curies":[{"name":"wp","href":"https:\/\/api.w.org\/{rel}","templated":true}]}}