{"id":2598,"date":"2023-06-20T17:57:17","date_gmt":"2023-06-20T15:57:17","guid":{"rendered":"https:\/\/acsoins.fr\/?post_type=product&#038;p=2598"},"modified":"2023-06-21T17:41:47","modified_gmt":"2023-06-21T15:41:47","slug":"abena-pants-m3","status":"publish","type":"product","link":"https:\/\/acsoins.fr\/?product=abena-pants-m3","title":{"rendered":"ABENA PANTS M3"},"content":{"rendered":"<p><em><strong>DESCRIPTION<\/strong><\/em><\/p>\n<p>ABENA Pants est la gamme premium et \u00e9colabellis\u00e9e de culottes absorbantes, d\u00e9velopp\u00e9e pour les personnes souffrant<br \/>\nd\u2019incontinence s\u00e9v\u00e8re. ABENA Pants s\u2019utilise comme un sous-v\u00eatement traditionnel. La conception moderne, faite \u00e0 partir<br \/>\nd\u2019une mati\u00e8re tr\u00e8s douce, assure le confort, la s\u00e9curit\u00e9 et la discr\u00e9tion adapt\u00e9s \u00e0 la personne mobile.<\/p>\n<p><em><strong>CONDITIONNEMENT<\/strong><\/em><\/p>\n<p>15 Protections par paquet<\/p>\n<p><em><strong>ABSORPTION<\/strong><\/em><\/p>\n<p>2200 ml<\/p>\n","protected":false},"excerpt":{"rendered":"<p><em><strong>POUR CONSULTER LA FICHE TECHNIQUE, CLIQUER SUR LE LIEN SUIVANT :<\/strong><\/em><\/p>\n<p><em><strong><a href=\"http:\/\/acsoins.fr\/wp-content\/uploads\/2023\/06\/1000021327-2.pdf\">1000021327 (2)<\/a><\/strong><\/em><\/p>\n","protected":false},"featured_media":2585,"template":"","meta":{"site-sidebar-layout":"default","site-content-layout":"default","ast-global-header-display":"","ast-banner-title-visibility":"","ast-main-header-display":"","ast-hfb-above-header-display":"","ast-hfb-below-header-display":"","ast-hfb-mobile-header-display":"","site-post-title":"","ast-breadcrumbs-content":"","ast-featured-img":"","footer-sml-layout":"","theme-transparent-header-meta":"default","adv-header-id-meta":"","stick-header-meta":"","header-above-stick-meta":"","header-main-stick-meta":"","header-below-stick-meta":""},"product_cat":[46,38,66],"product_tag":[],"_links":{"self":[{"href":"https:\/\/acsoins.fr\/index.php?rest_route=\/wp\/v2\/product\/2598"}],"collection":[{"href":"https:\/\/acsoins.fr\/index.php?rest_route=\/wp\/v2\/product"}],"about":[{"href":"https:\/\/acsoins.fr\/index.php?rest_route=\/wp\/v2\/types\/product"}],"version-history":[{"count":4,"href":"https:\/\/acsoins.fr\/index.php?rest_route=\/wp\/v2\/product\/2598\/revisions"}],"predecessor-version":[{"id":2642,"href":"https:\/\/acsoins.fr\/index.php?rest_route=\/wp\/v2\/product\/2598\/revisions\/2642"}],"wp:featuredmedia":[{"embeddable":true,"href":"https:\/\/acsoins.fr\/index.php?rest_route=\/wp\/v2\/media\/2585"}],"wp:attachment":[{"href":"https:\/\/acsoins.fr\/index.php?rest_route=%2Fwp%2Fv2%2Fmedia&parent=2598"}],"wp:term":[{"taxonomy":"product_cat","embeddable":true,"href":"https:\/\/acsoins.fr\/index.php?rest_route=%2Fwp%2Fv2%2Fproduct_cat&post=2598"},{"taxonomy":"product_tag","embeddable":true,"href":"https:\/\/acsoins.fr\/index.php?rest_route=%2Fwp%2Fv2%2Fproduct_tag&post=2598"}],"curies":[{"name":"wp","href":"https:\/\/api.w.org\/{rel}","templated":true}]}}