{"id":2591,"date":"2023-06-20T17:50:04","date_gmt":"2023-06-20T15:50:04","guid":{"rendered":"https:\/\/acsoins.fr\/?post_type=product&#038;p=2591"},"modified":"2023-06-21T08:26:01","modified_gmt":"2023-06-21T06:26:01","slug":"abena-pants-s1","status":"publish","type":"product","link":"https:\/\/acsoins.fr\/?product=abena-pants-s1","title":{"rendered":"ABENA PANTS S1"},"content":{"rendered":"<p><em><strong>DESCRIPTION<\/strong><\/em><\/p>\n<p>ABENA Pants est la gamme premium et \u00e9colabellis\u00e9e de culottes absorbantes, d\u00e9velopp\u00e9e pour les personnes souffrant<br \/>\nd\u2019incontinence s\u00e9v\u00e8re. ABENA Pants s\u2019utilise comme un sous-v\u00eatement traditionnel. La conception moderne, faite \u00e0 partir<br \/>\nd\u2019une mati\u00e8re tr\u00e8s douce, assure le confort, la s\u00e9curit\u00e9 et la discr\u00e9tion adapt\u00e9s \u00e0 la personne mobile.<\/p>\n<p><em><strong>CONDITIONNEMENT<\/strong><\/em><\/p>\n<p>16 Protections par paquet<\/p>\n<p><em><strong>ABSORPTION<\/strong><\/em><\/p>\n<p>1400 ML<\/p>\n","protected":false},"excerpt":{"rendered":"<p><em><strong>POUR CONSULTER LA FICHE TECHNIQUE, CLIQUER SUR LE LIEN SUIVANT :<\/strong><\/em><\/p>\n<p><em><strong><a href=\"http:\/\/acsoins.fr\/wp-content\/uploads\/2023\/06\/1000021318-1.pdf\">1000021318 (1)<\/a><\/strong><\/em><\/p>\n","protected":false},"featured_media":2581,"template":"","meta":{"site-sidebar-layout":"default","site-content-layout":"default","ast-global-header-display":"","ast-banner-title-visibility":"","ast-main-header-display":"","ast-hfb-above-header-display":"","ast-hfb-below-header-display":"","ast-hfb-mobile-header-display":"","site-post-title":"","ast-breadcrumbs-content":"","ast-featured-img":"","footer-sml-layout":"","theme-transparent-header-meta":"default","adv-header-id-meta":"","stick-header-meta":"","header-above-stick-meta":"","header-main-stick-meta":"","header-below-stick-meta":""},"product_cat":[46,38,66],"product_tag":[],"_links":{"self":[{"href":"https:\/\/acsoins.fr\/index.php?rest_route=\/wp\/v2\/product\/2591"}],"collection":[{"href":"https:\/\/acsoins.fr\/index.php?rest_route=\/wp\/v2\/product"}],"about":[{"href":"https:\/\/acsoins.fr\/index.php?rest_route=\/wp\/v2\/types\/product"}],"version-history":[{"count":3,"href":"https:\/\/acsoins.fr\/index.php?rest_route=\/wp\/v2\/product\/2591\/revisions"}],"predecessor-version":[{"id":2629,"href":"https:\/\/acsoins.fr\/index.php?rest_route=\/wp\/v2\/product\/2591\/revisions\/2629"}],"wp:featuredmedia":[{"embeddable":true,"href":"https:\/\/acsoins.fr\/index.php?rest_route=\/wp\/v2\/media\/2581"}],"wp:attachment":[{"href":"https:\/\/acsoins.fr\/index.php?rest_route=%2Fwp%2Fv2%2Fmedia&parent=2591"}],"wp:term":[{"taxonomy":"product_cat","embeddable":true,"href":"https:\/\/acsoins.fr\/index.php?rest_route=%2Fwp%2Fv2%2Fproduct_cat&post=2591"},{"taxonomy":"product_tag","embeddable":true,"href":"https:\/\/acsoins.fr\/index.php?rest_route=%2Fwp%2Fv2%2Fproduct_tag&post=2591"}],"curies":[{"name":"wp","href":"https:\/\/api.w.org\/{rel}","templated":true}]}}