{"id":2575,"date":"2023-06-08T17:02:48","date_gmt":"2023-06-08T15:02:48","guid":{"rendered":"https:\/\/acsoins.fr\/?post_type=product&#038;p=2575"},"modified":"2023-06-08T17:09:10","modified_gmt":"2023-06-08T15:09:10","slug":"stethoscope-pulse-spengler","status":"publish","type":"product","link":"https:\/\/acsoins.fr\/?product=stethoscope-pulse-spengler","title":{"rendered":"Stethoscope PULSE Spengler"},"content":{"rendered":"<div id=\"description\" class=\"tab-pane\" role=\"tabpanel\">\n<div class=\"product-description desctitle\">\n<p><em><strong>DESCRIPTION<\/strong><\/em><\/p>\n<\/div>\n<\/div>\n<div id=\"product-details\" class=\"tab-pane fade\" role=\"tabpanel\" data-product=\"{&quot;id_shop_default&quot;:&quot;1&quot;,&quot;id_manufacturer&quot;:&quot;19&quot;,&quot;id_supplier&quot;:&quot;0&quot;,&quot;reference&quot;:&quot;319.020&quot;,&quot;is_virtual&quot;:&quot;0&quot;,&quot;delivery_in_stock&quot;:&quot;&quot;,&quot;delivery_out_stock&quot;:&quot;&quot;,&quot;id_category_default&quot;:&quot;9&quot;,&quot;on_sale&quot;:&quot;0&quot;,&quot;online_only&quot;:&quot;0&quot;,&quot;ecotax&quot;:0,&quot;minimal_quantity&quot;:&quot;1&quot;,&quot;low_stock_threshold&quot;:null,&quot;low_stock_alert&quot;:&quot;0&quot;,&quot;price&quot;:&quot;67,00u00a0u20ac&quot;,&quot;unity&quot;:&quot;&quot;,&quot;unit_price_ratio&quot;:&quot;0.000000&quot;,&quot;additional_shipping_cost&quot;:&quot;0.000000&quot;,&quot;customizable&quot;:&quot;0&quot;,&quot;text_fields&quot;:&quot;0&quot;,&quot;uploadable_files&quot;:&quot;0&quot;,&quot;redirect_type&quot;:&quot;404&quot;,&quot;id_type_redirected&quot;:&quot;0&quot;,&quot;available_for_order&quot;:&quot;1&quot;,&quot;available_date&quot;:null,&quot;show_condition&quot;:&quot;0&quot;,&quot;condition&quot;:&quot;new&quot;,&quot;show_price&quot;:&quot;1&quot;,&quot;indexed&quot;:&quot;1&quot;,&quot;visibility&quot;:&quot;both&quot;,&quot;cache_default_attribute&quot;:&quot;3181&quot;,&quot;advanced_stock_management&quot;:&quot;0&quot;,&quot;date_add&quot;:&quot;2022-06-08 17:21:48&quot;,&quot;date_upd&quot;:&quot;2023-05-25 11:20:24&quot;,&quot;pack_stock_type&quot;:&quot;3&quot;,&quot;meta_description&quot;:&quot;&quot;,&quot;meta_keywords&quot;:&quot;&quot;,&quot;meta_title&quot;:&quot;&quot;,&quot;link_rewrite&quot;:&quot;tensiometre-manopoire-spengler-lian-metal&quot;,&quot;name&quot;:&quot;Tensiomu00e8tre manopoire Spengler Lian Mu00e9tal&quot;,&quot;description&quot;:&quot;&lt;h2&gt;&lt;span&gt;Tensiomu00e8tre manuel Lian Mu00e9tal Spengler&lt;\/span&gt;&lt;\/h2&gt;n&lt;p&gt;&lt;span&gt; &lt;span&gt;Le tensiomu00e8tre manopoire Lian Mu00e9tal ambidextre est dotu00e9 d'un grand cadran et d'une cuillu00e8re latu00e9rale en mu00e9tal. &lt;\/span&gt;&lt;\/span&gt;&lt;\/p&gt;n&lt;p&gt;&lt;span&gt;&lt;span&gt;Il est aussi bien adaptable au droitiers qu'aux gaucher par simple rotation de l'ensemble. &lt;\/span&gt;&lt;\/span&gt;&lt;\/p&gt;n&lt;h3&gt;&lt;span&gt;&lt;span&gt;&lt;span&gt;&lt;strong&gt;Caractu00e9ristiques du tensiomu00e8tre Spengler Lian Mu00e9tal &lt;\/strong&gt;:&lt;\/span&gt;&lt;\/span&gt;&lt;\/span&gt;&lt;\/h3&gt;n&lt;ul&gt;n&lt;li&gt;&lt;span&gt;&lt;span&gt;&lt;span&gt;Bou00eetier en mu00e9tal indu00e9formable anti-corrosion&lt;\/span&gt;&lt;\/span&gt;&lt;\/span&gt;&lt;\/li&gt;n&lt;li&gt;&lt;span&gt;&lt;span&gt;&lt;span&gt;Protection optimale du mu00e9canisme et lunette en PVC souple&lt;\/span&gt;&lt;\/span&gt;&lt;\/span&gt;&lt;\/li&gt;n&lt;li&gt;&lt;span&gt;&lt;span&gt;&lt;span&gt;&lt;span&gt;Mesures lisibles sous tous les angles. Echelle de mesure dilatu00e9e pour une pru00e9cision optimale&lt;\/span&gt;&lt;\/span&gt;&lt;\/span&gt;&lt;\/span&gt;&lt;\/li&gt;n&lt;li&gt;&lt;span&gt;&lt;span&gt;&lt;span&gt;&lt;span&gt;Brassard en nylon avec fermeture velcro. Simple tubulure. Lavable u00e0 30-35 u00b0C&lt;\/span&gt;&lt;\/span&gt;&lt;\/span&gt;&lt;\/span&gt;&lt;\/li&gt;n&lt;li&gt;&lt;span&gt;&lt;span&gt;&lt;span&gt;&lt;span&gt;Repu00e8res des limites de la circonfu00e9rence du bras sur le brassard. Evite les erreurs de mesure&lt;\/span&gt;&lt;\/span&gt;&lt;\/span&gt;&lt;\/span&gt;&lt;\/li&gt;n&lt;li&gt;&lt;span&gt;&lt;span&gt;&lt;span&gt;&lt;span&gt;Poire de gonflage en PVC cu00f4telu00e9 gris pour une prise en main confortable&lt;\/span&gt;&lt;\/span&gt;&lt;\/span&gt;&lt;\/span&gt;&lt;\/li&gt;n&lt;li&gt;&lt;span&gt;&lt;span&gt;&lt;span&gt;&lt;span&gt;Du00e9compression progressive et contru00f4lu00e9e par une valve ultra-pru00e9cise&lt;\/span&gt;&lt;\/span&gt;&lt;\/span&gt;&lt;\/span&gt;&lt;\/li&gt;n&lt;li&gt;&lt;span&gt;&lt;span&gt;&lt;span&gt;&lt;span&gt;Raccord rapide mu00e9tal. Coupleur u00e0 vis femelle&lt;\/span&gt;&lt;\/span&gt;&lt;\/span&gt;&lt;\/span&gt;&lt;\/li&gt;n&lt;\/ul&gt;n&lt;p&gt;u00a0&lt;span&gt;&lt;strong&gt;&lt;span&gt;Modu00e8les disponibles :&lt;\/span&gt;&lt;\/strong&gt;&lt;\/span&gt;&lt;\/p&gt;n&lt;ul&gt;n&lt;li&gt;&lt;span&gt;Livru00e9 avec un brassard Adulte M&lt;\/span&gt;&lt;\/li&gt;n&lt;li&gt;&lt;span&gt;Livru00e9 avec un pack 3 brassards (Adulte M - Adulte L - Enfant S)&lt;\/span&gt;&lt;\/li&gt;n&lt;\/ul&gt;n&lt;p&gt;&lt;strong&gt;&lt;span&gt;Le tensiomu00e8tre Lian Mu00e9tal est livru00e9 dans une trousse en nylon u00e0 fermeture u00e9clair&lt;\/span&gt;&lt;\/strong&gt;&lt;\/p&gt;&quot;,&quot;description_short&quot;:&quot; Tensiomu00e8tre manuel Lian Mu00e9tal Spengler Le tensiomu00e8tre manopoire Lian Mu00e9tal ambidextre est dotu00e9 d'un grand cadran et d'une cuillu00e8re latu00e9rale en mu00e9tal. Il est aussi bien adaptable au droitiers qu'aux gaucher par simple rotation de l'ensemble. ...&quot;,&quot;available_now&quot;:&quot;&quot;,&quot;available_later&quot;:&quot;&quot;,&quot;id&quot;:1279,&quot;id_product&quot;:1279,&quot;out_of_stock&quot;:2,&quot;new&quot;:0,&quot;id_product_attribute&quot;:3181,&quot;quantity_wanted&quot;:1,&quot;extraContent&quot;:[],&quot;allow_oosp&quot;:1,&quot;category&quot;:&quot;tensiometre-manuel&quot;,&quot;category_name&quot;:&quot;Tensiomu00e8tres manuels&quot;,&quot;link&quot;:&quot;https:\/\/www.mediprostore.com\/tensiometre-manuel\/1279-tensiometre-manopoire-spengler-lian-metal.html&quot;,&quot;attribute_price&quot;:55.8333,&quot;price_tax_exc&quot;:55.8333,&quot;price_without_reduction&quot;:66.99996,&quot;reduction&quot;:0,&quot;specific_prices&quot;:{&quot;id_specific_price&quot;:&quot;59961195&quot;,&quot;id_specific_price_rule&quot;:&quot;0&quot;,&quot;id_cart&quot;:&quot;0&quot;,&quot;id_product&quot;:&quot;1279&quot;,&quot;id_shop&quot;:&quot;1&quot;,&quot;id_shop_group&quot;:&quot;0&quot;,&quot;id_currency&quot;:&quot;0&quot;,&quot;id_country&quot;:&quot;0&quot;,&quot;id_group&quot;:&quot;0&quot;,&quot;id_customer&quot;:&quot;0&quot;,&quot;id_product_attribute&quot;:&quot;3181&quot;,&quot;price&quot;:55.8333,&quot;from_quantity&quot;:&quot;1&quot;,&quot;reduction&quot;:&quot;0.000000&quot;,&quot;reduction_tax&quot;:&quot;1&quot;,&quot;reduction_type&quot;:&quot;percentage&quot;,&quot;from&quot;:&quot;0000-00-00 00:00:00&quot;,&quot;to&quot;:&quot;0000-00-00 00:00:00&quot;,&quot;score&quot;:&quot;48&quot;},&quot;quantity&quot;:5,&quot;quantity_all_versions&quot;:10,&quot;id_image&quot;:&quot;fr-default&quot;,&quot;features&quot;:[{&quot;name&quot;:&quot;Garantie&quot;,&quot;value&quot;:&quot;3&quot;,&quot;id_feature&quot;:&quot;3&quot;,&quot;position&quot;:&quot;2&quot;},{&quot;name&quot;:&quot;Numu00e9ro du marquage CE&quot;,&quot;value&quot;:&quot;CE0459&quot;,&quot;id_feature&quot;:&quot;7&quot;,&quot;position&quot;:&quot;6&quot;},{&quot;name&quot;:&quot;Instructions&quot;,&quot;value&quot;:&quot;Lire attentivement les instructions figurant dans la notice ou sur l'u00e9tiquetage&quot;,&quot;id_feature&quot;:&quot;8&quot;,&quot;position&quot;:&quot;7&quot;},{&quot;name&quot;:&quot;Prudence&quot;,&quot;value&quot;:&quot;En cas de doute, consultez un professionnel de santu00e9&quot;,&quot;id_feature&quot;:&quot;9&quot;,&quot;position&quot;:&quot;8&quot;},{&quot;name&quot;:&quot;Classe ru00e8glementaire&quot;,&quot;value&quot;:&quot;DM Classe Im&quot;,&quot;id_feature&quot;:&quot;10&quot;,&quot;position&quot;:&quot;9&quot;},{&quot;name&quot;:&quot;Destination&quot;,&quot;value&quot;:&quot;Dispositif mu00e9dical pour la mesure de la tension artu00e9rielle&quot;,&quot;id_feature&quot;:&quot;13&quot;,&quot;position&quot;:&quot;12&quot;},{&quot;name&quot;:&quot;Nom du fabricant&quot;,&quot;value&quot;:&quot;Spengler&quot;,&quot;id_feature&quot;:&quot;15&quot;,&quot;position&quot;:&quot;14&quot;}],&quot;attachments&quot;:[],&quot;virtual&quot;:0,&quot;pack&quot;:0,&quot;packItems&quot;:[],&quot;nopackprice&quot;:0,&quot;customization_required&quot;:false,&quot;attributes&quot;:{&quot;5&quot;:{&quot;id_attribute&quot;:&quot;1695&quot;,&quot;id_attribute_group&quot;:&quot;5&quot;,&quot;name&quot;:&quot;NYLON GRIS, ADULTE (M)&quot;,&quot;group&quot;:&quot;type_bag&quot;,&quot;reference&quot;:&quot;320.020&quot;,&quot;ean13&quot;:&quot;&quot;,&quot;isbn&quot;:&quot;&quot;,&quot;upc&quot;:&quot;&quot;,&quot;mpn&quot;:&quot;&quot;}},&quot;rate&quot;:20,&quot;tax_name&quot;:&quot;TVA FR 20%&quot;,&quot;ecotax_rate&quot;:0,&quot;unit_price&quot;:&quot;&quot;,&quot;customizations&quot;:{&quot;fields&quot;:[]},&quot;id_customization&quot;:0,&quot;is_customizable&quot;:false,&quot;show_quantities&quot;:false,&quot;quantity_label&quot;:&quot;Produits&quot;,&quot;quantity_discounts&quot;:[],&quot;customer_group_discount&quot;:0,&quot;images&quot;:[{&quot;bySize&quot;:{&quot;small_default&quot;:{&quot;url&quot;:&quot;https:\/\/www.mediprostore.com\/1140010-small_default\/tensiometre-manopoire-spengler-lian-metal.jpg&quot;,&quot;width&quot;:98,&quot;height&quot;:98},&quot;cart_default&quot;:{&quot;url&quot;:&quot;https:\/\/www.mediprostore.com\/1140010-cart_default\/tensiometre-manopoire-spengler-lian-metal.jpg&quot;,&quot;width&quot;:125,&quot;height&quot;:125},&quot;small_default_2x&quot;:{&quot;url&quot;:&quot;https:\/\/www.mediprostore.com\/1140010-small_default_2x\/tensiometre-manopoire-spengler-lian-metal.jpg&quot;,&quot;width&quot;:196,&quot;height&quot;:196},&quot;home_default&quot;:{&quot;url&quot;:&quot;https:\/\/www.mediprostore.com\/1140010-home_default\/tensiometre-manopoire-spengler-lian-metal.jpg&quot;,&quot;width&quot;:250,&quot;height&quot;:250},&quot;cart_default_2x&quot;:{&quot;url&quot;:&quot;https:\/\/www.mediprostore.com\/1140010-cart_default_2x\/tensiometre-manopoire-spengler-lian-metal.jpg&quot;,&quot;width&quot;:300,&quot;height&quot;:300},&quot;medium_default&quot;:{&quot;url&quot;:&quot;https:\/\/www.mediprostore.com\/1140010-medium_default\/tensiometre-manopoire-spengler-lian-metal.jpg&quot;,&quot;width&quot;:452,&quot;height&quot;:452},&quot;home_default_2x&quot;:{&quot;url&quot;:&quot;https:\/\/www.mediprostore.com\/1140010-home_default_2x\/tensiometre-manopoire-spengler-lian-metal.jpg&quot;,&quot;width&quot;:500,&quot;height&quot;:500},&quot;product_detail&quot;:{&quot;url&quot;:&quot;https:\/\/www.mediprostore.com\/1140010-product_detail\/tensiometre-manopoire-spengler-lian-metal.jpg&quot;,&quot;width&quot;:540,&quot;height&quot;:540},&quot;large_default&quot;:{&quot;url&quot;:&quot;https:\/\/www.mediprostore.com\/1140010-large_default\/tensiometre-manopoire-spengler-lian-metal.jpg&quot;,&quot;width&quot;:800,&quot;height&quot;:800},&quot;product_zoom&quot;:{&quot;url&quot;:&quot;https:\/\/www.mediprostore.com\/1140010-product_zoom\/tensiometre-manopoire-spengler-lian-metal.jpg&quot;,&quot;width&quot;:800,&quot;height&quot;:800},&quot;medium_default_2x&quot;:{&quot;url&quot;:&quot;https:\/\/www.mediprostore.com\/1140010-medium_default_2x\/tensiometre-manopoire-spengler-lian-metal.jpg&quot;,&quot;width&quot;:904,&quot;height&quot;:904},&quot;product_detail_2x&quot;:{&quot;url&quot;:&quot;https:\/\/www.mediprostore.com\/1140010-product_detail_2x\/tensiometre-manopoire-spengler-lian-metal.jpg&quot;,&quot;width&quot;:1080,&quot;height&quot;:1080},&quot;large_default_2x&quot;:{&quot;url&quot;:&quot;https:\/\/www.mediprostore.com\/1140010-large_default_2x\/tensiometre-manopoire-spengler-lian-metal.jpg&quot;,&quot;width&quot;:1600,&quot;height&quot;:1600},&quot;product_zoom_2x&quot;:{&quot;url&quot;:&quot;https:\/\/www.mediprostore.com\/1140010-product_zoom_2x\/tensiometre-manopoire-spengler-lian-metal.jpg&quot;,&quot;width&quot;:1600,&quot;height&quot;:1600}},&quot;small&quot;:{&quot;url&quot;:&quot;https:\/\/www.mediprostore.com\/1140010-small_default\/tensiometre-manopoire-spengler-lian-metal.jpg&quot;,&quot;width&quot;:98,&quot;height&quot;:98},&quot;medium&quot;:{&quot;url&quot;:&quot;https:\/\/www.mediprostore.com\/1140010-product_detail\/tensiometre-manopoire-spengler-lian-metal.jpg&quot;,&quot;width&quot;:540,&quot;height&quot;:540},&quot;large&quot;:{&quot;url&quot;:&quot;https:\/\/www.mediprostore.com\/1140010-product_zoom_2x\/tensiometre-manopoire-spengler-lian-metal.jpg&quot;,&quot;width&quot;:1600,&quot;height&quot;:1600},&quot;legend&quot;:&quot;&quot;,&quot;id_image&quot;:&quot;1140010&quot;,&quot;cover&quot;:&quot;1&quot;,&quot;position&quot;:&quot;1&quot;,&quot;associatedVariants&quot;:[]},{&quot;bySize&quot;:{&quot;small_default&quot;:{&quot;url&quot;:&quot;https:\/\/www.mediprostore.com\/1140011-small_default\/tensiometre-manopoire-spengler-lian-metal.jpg&quot;,&quot;width&quot;:98,&quot;height&quot;:98},&quot;cart_default&quot;:{&quot;url&quot;:&quot;https:\/\/www.mediprostore.com\/1140011-cart_default\/tensiometre-manopoire-spengler-lian-metal.jpg&quot;,&quot;width&quot;:125,&quot;height&quot;:125},&quot;small_default_2x&quot;:{&quot;url&quot;:&quot;https:\/\/www.mediprostore.com\/1140011-small_default_2x\/tensiometre-manopoire-spengler-lian-metal.jpg&quot;,&quot;width&quot;:196,&quot;height&quot;:196},&quot;home_default&quot;:{&quot;url&quot;:&quot;https:\/\/www.mediprostore.com\/1140011-home_default\/tensiometre-manopoire-spengler-lian-metal.jpg&quot;,&quot;width&quot;:250,&quot;height&quot;:250},&quot;cart_default_2x&quot;:{&quot;url&quot;:&quot;https:\/\/www.mediprostore.com\/1140011-cart_default_2x\/tensiometre-manopoire-spengler-lian-metal.jpg&quot;,&quot;width&quot;:300,&quot;height&quot;:300},&quot;medium_default&quot;:{&quot;url&quot;:&quot;https:\/\/www.mediprostore.com\/1140011-medium_default\/tensiometre-manopoire-spengler-lian-metal.jpg&quot;,&quot;width&quot;:452,&quot;height&quot;:452},&quot;home_default_2x&quot;:{&quot;url&quot;:&quot;https:\/\/www.mediprostore.com\/1140011-home_default_2x\/tensiometre-manopoire-spengler-lian-metal.jpg&quot;,&quot;width&quot;:500,&quot;height&quot;:500},&quot;product_detail&quot;:{&quot;url&quot;:&quot;https:\/\/www.mediprostore.com\/1140011-product_detail\/tensiometre-manopoire-spengler-lian-metal.jpg&quot;,&quot;width&quot;:540,&quot;height&quot;:540},&quot;large_default&quot;:{&quot;url&quot;:&quot;https:\/\/www.mediprostore.com\/1140011-large_default\/tensiometre-manopoire-spengler-lian-metal.jpg&quot;,&quot;width&quot;:800,&quot;height&quot;:800},&quot;product_zoom&quot;:{&quot;url&quot;:&quot;https:\/\/www.mediprostore.com\/1140011-product_zoom\/tensiometre-manopoire-spengler-lian-metal.jpg&quot;,&quot;width&quot;:800,&quot;height&quot;:800},&quot;medium_default_2x&quot;:{&quot;url&quot;:&quot;https:\/\/www.mediprostore.com\/1140011-medium_default_2x\/tensiometre-manopoire-spengler-lian-metal.jpg&quot;,&quot;width&quot;:904,&quot;height&quot;:904},&quot;product_detail_2x&quot;:{&quot;url&quot;:&quot;https:\/\/www.mediprostore.com\/1140011-product_detail_2x\/tensiometre-manopoire-spengler-lian-metal.jpg&quot;,&quot;width&quot;:1080,&quot;height&quot;:1080},&quot;large_default_2x&quot;:{&quot;url&quot;:&quot;https:\/\/www.mediprostore.com\/1140011-large_default_2x\/tensiometre-manopoire-spengler-lian-metal.jpg&quot;,&quot;width&quot;:1600,&quot;height&quot;:1600},&quot;product_zoom_2x&quot;:{&quot;url&quot;:&quot;https:\/\/www.mediprostore.com\/1140011-product_zoom_2x\/tensiometre-manopoire-spengler-lian-metal.jpg&quot;,&quot;width&quot;:1600,&quot;height&quot;:1600}},&quot;small&quot;:{&quot;url&quot;:&quot;https:\/\/www.mediprostore.com\/1140011-small_default\/tensiometre-manopoire-spengler-lian-metal.jpg&quot;,&quot;width&quot;:98,&quot;height&quot;:98},&quot;medium&quot;:{&quot;url&quot;:&quot;https:\/\/www.mediprostore.com\/1140011-product_detail\/tensiometre-manopoire-spengler-lian-metal.jpg&quot;,&quot;width&quot;:540,&quot;height&quot;:540},&quot;large&quot;:{&quot;url&quot;:&quot;https:\/\/www.mediprostore.com\/1140011-product_zoom_2x\/tensiometre-manopoire-spengler-lian-metal.jpg&quot;,&quot;width&quot;:1600,&quot;height&quot;:1600},&quot;legend&quot;:&quot;&quot;,&quot;id_image&quot;:&quot;1140011&quot;,&quot;cover&quot;:null,&quot;position&quot;:&quot;2&quot;,&quot;associatedVariants&quot;:[]}],&quot;cover&quot;:{&quot;bySize&quot;:{&quot;small_default&quot;:{&quot;url&quot;:&quot;https:\/\/www.mediprostore.com\/1140010-small_default\/tensiometre-manopoire-spengler-lian-metal.jpg&quot;,&quot;width&quot;:98,&quot;height&quot;:98},&quot;cart_default&quot;:{&quot;url&quot;:&quot;https:\/\/www.mediprostore.com\/1140010-cart_default\/tensiometre-manopoire-spengler-lian-metal.jpg&quot;,&quot;width&quot;:125,&quot;height&quot;:125},&quot;small_default_2x&quot;:{&quot;url&quot;:&quot;https:\/\/www.mediprostore.com\/1140010-small_default_2x\/tensiometre-manopoire-spengler-lian-metal.jpg&quot;,&quot;width&quot;:196,&quot;height&quot;:196},&quot;home_default&quot;:{&quot;url&quot;:&quot;https:\/\/www.mediprostore.com\/1140010-home_default\/tensiometre-manopoire-spengler-lian-metal.jpg&quot;,&quot;width&quot;:250,&quot;height&quot;:250},&quot;cart_default_2x&quot;:{&quot;url&quot;:&quot;https:\/\/www.mediprostore.com\/1140010-cart_default_2x\/tensiometre-manopoire-spengler-lian-metal.jpg&quot;,&quot;width&quot;:300,&quot;height&quot;:300},&quot;medium_default&quot;:{&quot;url&quot;:&quot;https:\/\/www.mediprostore.com\/1140010-medium_default\/tensiometre-manopoire-spengler-lian-metal.jpg&quot;,&quot;width&quot;:452,&quot;height&quot;:452},&quot;home_default_2x&quot;:{&quot;url&quot;:&quot;https:\/\/www.mediprostore.com\/1140010-home_default_2x\/tensiometre-manopoire-spengler-lian-metal.jpg&quot;,&quot;width&quot;:500,&quot;height&quot;:500},&quot;product_detail&quot;:{&quot;url&quot;:&quot;https:\/\/www.mediprostore.com\/1140010-product_detail\/tensiometre-manopoire-spengler-lian-metal.jpg&quot;,&quot;width&quot;:540,&quot;height&quot;:540},&quot;large_default&quot;:{&quot;url&quot;:&quot;https:\/\/www.mediprostore.com\/1140010-large_default\/tensiometre-manopoire-spengler-lian-metal.jpg&quot;,&quot;width&quot;:800,&quot;height&quot;:800},&quot;product_zoom&quot;:{&quot;url&quot;:&quot;https:\/\/www.mediprostore.com\/1140010-product_zoom\/tensiometre-manopoire-spengler-lian-metal.jpg&quot;,&quot;width&quot;:800,&quot;height&quot;:800},&quot;medium_default_2x&quot;:{&quot;url&quot;:&quot;https:\/\/www.mediprostore.com\/1140010-medium_default_2x\/tensiometre-manopoire-spengler-lian-metal.jpg&quot;,&quot;width&quot;:904,&quot;height&quot;:904},&quot;product_detail_2x&quot;:{&quot;url&quot;:&quot;https:\/\/www.mediprostore.com\/1140010-product_detail_2x\/tensiometre-manopoire-spengler-lian-metal.jpg&quot;,&quot;width&quot;:1080,&quot;height&quot;:1080},&quot;large_default_2x&quot;:{&quot;url&quot;:&quot;https:\/\/www.mediprostore.com\/1140010-large_default_2x\/tensiometre-manopoire-spengler-lian-metal.jpg&quot;,&quot;width&quot;:1600,&quot;height&quot;:1600},&quot;product_zoom_2x&quot;:{&quot;url&quot;:&quot;https:\/\/www.mediprostore.com\/1140010-product_zoom_2x\/tensiometre-manopoire-spengler-lian-metal.jpg&quot;,&quot;width&quot;:1600,&quot;height&quot;:1600}},&quot;small&quot;:{&quot;url&quot;:&quot;https:\/\/www.mediprostore.com\/1140010-small_default\/tensiometre-manopoire-spengler-lian-metal.jpg&quot;,&quot;width&quot;:98,&quot;height&quot;:98},&quot;medium&quot;:{&quot;url&quot;:&quot;https:\/\/www.mediprostore.com\/1140010-product_detail\/tensiometre-manopoire-spengler-lian-metal.jpg&quot;,&quot;width&quot;:540,&quot;height&quot;:540},&quot;large&quot;:{&quot;url&quot;:&quot;https:\/\/www.mediprostore.com\/1140010-product_zoom_2x\/tensiometre-manopoire-spengler-lian-metal.jpg&quot;,&quot;width&quot;:1600,&quot;height&quot;:1600},&quot;legend&quot;:&quot;&quot;,&quot;id_image&quot;:&quot;1140010&quot;,&quot;cover&quot;:&quot;1&quot;,&quot;position&quot;:&quot;1&quot;,&quot;associatedVariants&quot;:[]},&quot;has_discount&quot;:false,&quot;discount_type&quot;:&quot;percentage&quot;,&quot;discount_percentage&quot;:&quot;0%&quot;,&quot;discount_percentage_absolute&quot;:&quot;0%&quot;,&quot;discount_amount&quot;:&quot;0,00u00a0u20ac&quot;,&quot;discount_amount_to_display&quot;:&quot;-0,00u00a0u20ac&quot;,&quot;price_amount&quot;:67,&quot;unit_price_full&quot;:&quot;&quot;,&quot;show_availability&quot;:true,&quot;availability_date&quot;:null,&quot;availability_message&quot;:&quot;&quot;,&quot;availability&quot;:&quot;available&quot;}\">\n<section>Pulse est notre st\u00e9thoscope con\u00e7u pour tous ceux et celles qui bougent et qui veulent allier fiabilit\u00e9 et l\u00e9g\u00e8ret\u00e9 au quotidien. Avec ses sept couleurs, il apporte une touche de personnalisation. Mais au-del\u00e0 de son look agr\u00e9able, PULSE permet un diagnostic pr\u00e9cis gr\u00e2ce \u00e0 sa tubulure haute-fid\u00e9lit\u00e9 et \u00e0 son pavillon muni d\u2019une membrane haute r\u00e9solution. Un compagnon tr\u00e8s fid\u00e8le pour un diagnostic tout terrain\u00a0!<\/section>\n<section id=\"product-details\" class=\"tab-pane product-details\"><em><strong>GARANTIE 3 ANS<\/strong><\/em><\/section>\n<\/div>\n","protected":false},"excerpt":{"rendered":"<ul class=\"accordion\" role=\"tablist\" data-accordion=\"\" data-multi-expand=\"true\" data-allow-all-closed=\"true\" data-e=\"u27fgg-e\">\n<li class=\"accordion-item is-active\" data-accordion-item=\"\">\n<h3>Type<\/h3>\n<div id=\"fkvivw-accordion\" class=\"accordion-content\" role=\"tabpanel\" data-tab-content=\"\" aria-labelledby=\"fkvivw-accordion-label\" aria-hidden=\"false\">\n<p>Pulse simple pavillon<\/p>\n<ul>\n<li>St\u00e9thoscope simple pavillon<\/li>\n<\/ul>\n<p>Pulse double pavillon<\/p>\n<ul>\n<li>St\u00e9thoscope double pavillon<\/li>\n<\/ul>\n<\/div>\n<\/li>\n<li class=\"accordion-item is-active\" data-accordion-item=\"\">\n<h3>Pavillon<\/h3>\n<div id=\"ctkh6i-accordion\" class=\"accordion-content\" role=\"tabpanel\" data-tab-content=\"\" aria-labelledby=\"ctkh6i-accordion-label\" aria-hidden=\"false\">\n<p>Mati\u00e8re<\/p>\n<ul>\n<li>Aluminium<\/li>\n<\/ul>\n<p>Poids<\/p>\n<ul>\n<li>Pulse simple pavillon : 25 g<\/li>\n<li>Pulse double pavillon : 41 g<\/li>\n<\/ul>\n<p>Diam\u00e8tre grand pavillon<\/p>\n<ul>\n<li>Pulse simple pavillon : 44,5 mm<\/li>\n<li>Pulse double pavillon: 44,5 mm<\/li>\n<\/ul>\n<p>Diam\u00e8tre petit pavillon<\/p>\n<ul>\n<li>Pulse double pavillon (cloche) : 31,1 mm<\/li>\n<\/ul>\n<\/div>\n<\/li>\n<li class=\"accordion-item is-active\" data-accordion-item=\"\">\n<h3>Membrane<\/h3>\n<div id=\"96fbvu-accordion\" class=\"accordion-content\" role=\"tabpanel\" data-tab-content=\"\" aria-labelledby=\"96fbvu-accordion-label\" aria-hidden=\"false\">\n<p>Mati\u00e8re<\/p>\n<ul>\n<li>Fibre glace<\/li>\n<\/ul>\n<p>Diam\u00e8tre grand pavillon<\/p>\n<ul>\n<li>Pulse simple pavillon : 44,1 mm<\/li>\n<li>Pulse double pavillon : 44,1 mm<\/li>\n<\/ul>\n<\/div>\n<\/li>\n<li class=\"accordion-item is-active\" data-accordion-item=\"\">\n<h3>Bague anti-froid<\/h3>\n<div id=\"a0kkbw-accordion\" class=\"accordion-content\" role=\"tabpanel\" data-tab-content=\"\" aria-labelledby=\"a0kkbw-accordion-label\" aria-hidden=\"false\">\n<p>Mati\u00e8re<\/p>\n<ul>\n<li>PVC<\/li>\n<\/ul>\n<p>Diam\u00e8tre grand pavillon<\/p>\n<ul>\n<li>Pulse simple pavillon : 46 mm<\/li>\n<li>Pulse double pavillon : 46 mm<\/li>\n<\/ul>\n<p>Diam\u00e8tre petit pavillon<\/p>\n<ul>\n<li>Pulse 2 double pavillon : 34,2 mm<\/li>\n<\/ul>\n<\/div>\n<\/li>\n<li class=\"accordion-item is-active\" data-accordion-item=\"\">\n<h3>Tubulure et lyres<\/h3>\n<div id=\"05ekpf-accordion\" class=\"accordion-content\" role=\"tabpanel\" data-tab-content=\"\" aria-labelledby=\"05ekpf-accordion-label\" aria-hidden=\"false\">\n<p>Longueur<\/p>\n<ul>\n<li>78 cm<\/li>\n<\/ul>\n<p>Lyre<\/p>\n<ul>\n<li>mati\u00e8re : Aluminium<\/li>\n<\/ul>\n<p>Ressort de lyre<\/p>\n<ul>\n<li>mati\u00e8re : Acier inoxydable<\/li>\n<\/ul>\n<p>Tubulure<\/p>\n<ul>\n<li>mati\u00e8re : PVC<\/li>\n<\/ul>\n<p>Embouts auriculaires<\/p>\n<ul>\n<li>mati\u00e8re : PVC<\/li>\n<\/ul>\n<\/div>\n<\/li>\n<li class=\"accordion-item is-active\" data-accordion-item=\"\">\n<h3>Accessoires<\/h3>\n<div id=\"148hny-accordion\" class=\"accordion-content\" role=\"tabpanel\" data-tab-content=\"\" aria-labelledby=\"148hny-accordion-label\" aria-hidden=\"false\">\n<ul>\n<li>Livr\u00e9 avec 2 paires d\u2019embouts auriculaires<\/li>\n<\/ul>\n<\/div>\n<\/li>\n<\/ul>\n","protected":false},"featured_media":2576,"template":"","meta":{"site-sidebar-layout":"default","site-content-layout":"default","ast-global-header-display":"","ast-banner-title-visibility":"","ast-main-header-display":"","ast-hfb-above-header-display":"","ast-hfb-below-header-display":"","ast-hfb-mobile-header-display":"","site-post-title":"","ast-breadcrumbs-content":"","ast-featured-img":"","footer-sml-layout":"","theme-transparent-header-meta":"default","adv-header-id-meta":"","stick-header-meta":"","header-above-stick-meta":"","header-main-stick-meta":"","header-below-stick-meta":""},"product_cat":[53,41,64],"product_tag":[],"_links":{"self":[{"href":"https:\/\/acsoins.fr\/index.php?rest_route=\/wp\/v2\/product\/2575"}],"collection":[{"href":"https:\/\/acsoins.fr\/index.php?rest_route=\/wp\/v2\/product"}],"about":[{"href":"https:\/\/acsoins.fr\/index.php?rest_route=\/wp\/v2\/types\/product"}],"version-history":[{"count":1,"href":"https:\/\/acsoins.fr\/index.php?rest_route=\/wp\/v2\/product\/2575\/revisions"}],"predecessor-version":[{"id":2577,"href":"https:\/\/acsoins.fr\/index.php?rest_route=\/wp\/v2\/product\/2575\/revisions\/2577"}],"wp:featuredmedia":[{"embeddable":true,"href":"https:\/\/acsoins.fr\/index.php?rest_route=\/wp\/v2\/media\/2576"}],"wp:attachment":[{"href":"https:\/\/acsoins.fr\/index.php?rest_route=%2Fwp%2Fv2%2Fmedia&parent=2575"}],"wp:term":[{"taxonomy":"product_cat","embeddable":true,"href":"https:\/\/acsoins.fr\/index.php?rest_route=%2Fwp%2Fv2%2Fproduct_cat&post=2575"},{"taxonomy":"product_tag","embeddable":true,"href":"https:\/\/acsoins.fr\/index.php?rest_route=%2Fwp%2Fv2%2Fproduct_tag&post=2575"}],"curies":[{"name":"wp","href":"https:\/\/api.w.org\/{rel}","templated":true}]}}