{"id":2554,"date":"2023-06-08T11:43:43","date_gmt":"2023-06-08T09:43:43","guid":{"rendered":"https:\/\/acsoins.fr\/?post_type=product&#038;p=2554"},"modified":"2023-06-08T11:54:40","modified_gmt":"2023-06-08T09:54:40","slug":"collecteur-aiguille-sharpsafe-2-litres","status":"publish","type":"product","link":"https:\/\/acsoins.fr\/?product=collecteur-aiguille-sharpsafe-2-litres","title":{"rendered":"Collecteur aiguille sharpsafe 2 litres"},"content":{"rendered":"<p><em><strong>Conteneurs Sharpsafe\u00ae<\/strong><\/em><br \/>\npour objets coupants, tranchants et<br \/>\nperforants \u00e0 destination des services de soins<br \/>\nSharpsafe\u00ae est la gamme de collecteurs de r\u00e9f\u00e9rence, en \u00e9volution aux besoins de s\u00e9curit\u00e9 et de qualit\u00e9.<br \/>\nAujourd\u2019hui encore, elle s\u2019adapte aux nouveaux d\u00e9fis de ma\u00eetrise des risques d\u2019exposition au sang. Elle est le<br \/>\nreflet de la prise de conscience des risques li\u00e9s aux objets perforants dans les d\u00e9chets m\u00e9dicaux.<br \/>\nLa nouvelle norme EN ISO 2390:2012, standard international pour l\u2019emballage des objets tranchants, nous<br \/>\npermet de proposer des collecteurs de tailles et de formes plus adapt\u00e9es. La norme NFX 30 511:2015<br \/>\nannex\u00e9e \u00e0 l\u2019EN ISO 23907:2012 remplacera les NFX 30 500 et NFX 30 505.<\/p>\n","protected":false},"excerpt":{"rendered":"<p>Le l\u00e9gislateur pr\u00e9voit des emballages sp\u00e9cifiques pour les DASRI.<br \/>\nLa gamme Sharpsafe\u00ae est en conformit\u00e9 avec la directive Europ\u00e9enne 2010-32 et les normes en vigueur.<br \/>\nLes gammes d\u2019emballages de d\u00e9chets Hospidex sont con\u00e7ues pour r\u00e9pondre aux diff\u00e9rentes normes<br \/>\nd\u2019applications.<br \/>\nLa norme ISO 23907 est la r\u00e9glementation<br \/>\ninternationale des emballages pour objets<br \/>\nperforants. Elle d\u00e9finit les standards en termes de<br \/>\nr\u00e9sistance \u00e0 la perforation, r\u00e9sistance \u00e0 la chute<br \/>\net \u00e9tanch\u00e9it\u00e9. Elle pr\u00e9voit une diff\u00e9renciation<br \/>\npour les emballages inferieurs \u00e0 12 litres et ceux<br \/>\nde 12 \u00e0 60 litres.<br \/>\nLa norme NF X 30-500 est la r\u00e9glementation la<br \/>\nplus rigoureuse des normes europ\u00e9ennes. Elle<br \/>\nd\u00e9finit les standards en termes de r\u00e9sistance \u00e0 la<br \/>\nperforation, r\u00e9sistance \u00e0 la chute et \u00e9tanch\u00e9it\u00e9.<br \/>\nLa marque NF 302 est une garantie de qualit\u00e9.<\/p>\n","protected":false},"featured_media":2556,"template":"","meta":{"site-sidebar-layout":"default","site-content-layout":"default","ast-global-header-display":"","ast-banner-title-visibility":"","ast-main-header-display":"","ast-hfb-above-header-display":"","ast-hfb-below-header-display":"","ast-hfb-mobile-header-display":"","site-post-title":"","ast-breadcrumbs-content":"","ast-featured-img":"","footer-sml-layout":"","theme-transparent-header-meta":"default","adv-header-id-meta":"","stick-header-meta":"","header-above-stick-meta":"","header-main-stick-meta":"","header-below-stick-meta":""},"product_cat":[61,51,41],"product_tag":[],"_links":{"self":[{"href":"https:\/\/acsoins.fr\/index.php?rest_route=\/wp\/v2\/product\/2554"}],"collection":[{"href":"https:\/\/acsoins.fr\/index.php?rest_route=\/wp\/v2\/product"}],"about":[{"href":"https:\/\/acsoins.fr\/index.php?rest_route=\/wp\/v2\/types\/product"}],"version-history":[{"count":1,"href":"https:\/\/acsoins.fr\/index.php?rest_route=\/wp\/v2\/product\/2554\/revisions"}],"predecessor-version":[{"id":2555,"href":"https:\/\/acsoins.fr\/index.php?rest_route=\/wp\/v2\/product\/2554\/revisions\/2555"}],"wp:featuredmedia":[{"embeddable":true,"href":"https:\/\/acsoins.fr\/index.php?rest_route=\/wp\/v2\/media\/2556"}],"wp:attachment":[{"href":"https:\/\/acsoins.fr\/index.php?rest_route=%2Fwp%2Fv2%2Fmedia&parent=2554"}],"wp:term":[{"taxonomy":"product_cat","embeddable":true,"href":"https:\/\/acsoins.fr\/index.php?rest_route=%2Fwp%2Fv2%2Fproduct_cat&post=2554"},{"taxonomy":"product_tag","embeddable":true,"href":"https:\/\/acsoins.fr\/index.php?rest_route=%2Fwp%2Fv2%2Fproduct_tag&post=2554"}],"curies":[{"name":"wp","href":"https:\/\/api.w.org\/{rel}","templated":true}]}}