{"id":2467,"date":"2023-06-07T08:34:29","date_gmt":"2023-06-07T06:34:29","guid":{"rendered":"https:\/\/acsoins.fr\/?post_type=product&#038;p=2467"},"modified":"2023-06-08T09:00:43","modified_gmt":"2023-06-08T07:00:43","slug":"alese-abri-soft-70x180","status":"publish","type":"product","link":"https:\/\/acsoins.fr\/?product=alese-abri-soft-70x180","title":{"rendered":"ALESE ABRI SOFT 70X180"},"content":{"rendered":"<p><strong><em>DESCRIPTION PRODUIT :<\/em><\/strong><br \/>\n\u2022 Destin\u00e9e \u00e0 la protection des lits, matelas et\/ou chaises<br \/>\n\u2022 Id\u00e9ale comme protection suppl\u00e9mentaire contre les fuites (feuille ext\u00e9rieure imperm\u00e9able<br \/>\navec quatre bordures coll\u00e9es)<br \/>\n\u2022 Non tiss\u00e9 doux assurant un confort maximal aux utilisateurs<br \/>\n\u2022 Contient du SAP (polym\u00e8re super absorbant) qui enferme les liquides \u00e0 l\u2019int\u00e9rieur du<br \/>\nmatelas absorbant<\/p>\n<p><strong><em>CONDITIONNEMENT :<\/em><\/strong><\/p>\n<p>30 Al\u00e8ses par paquet<\/p>\n<p><em><strong>ABSORPTION :<\/strong><\/em><\/p>\n<p>1750 ml<\/p>\n","protected":false},"excerpt":{"rendered":"<p><em><strong>FICHE TECHNIQUE :<\/strong><\/em><\/p>\n<p><a href=\"http:\/\/acsoins.fr\/wp-content\/uploads\/2023\/06\/254114-1.pdf\">254114 (1)<\/a><\/p>\n","protected":false},"featured_media":2469,"template":"","meta":{"site-sidebar-layout":"default","site-content-layout":"default","ast-global-header-display":"","ast-banner-title-visibility":"","ast-main-header-display":"","ast-hfb-above-header-display":"","ast-hfb-below-header-display":"","ast-hfb-mobile-header-display":"","site-post-title":"","ast-breadcrumbs-content":"","ast-featured-img":"","footer-sml-layout":"","theme-transparent-header-meta":"default","adv-header-id-meta":"","stick-header-meta":"","header-above-stick-meta":"","header-main-stick-meta":"","header-below-stick-meta":""},"product_cat":[60,46,38],"product_tag":[],"_links":{"self":[{"href":"https:\/\/acsoins.fr\/index.php?rest_route=\/wp\/v2\/product\/2467"}],"collection":[{"href":"https:\/\/acsoins.fr\/index.php?rest_route=\/wp\/v2\/product"}],"about":[{"href":"https:\/\/acsoins.fr\/index.php?rest_route=\/wp\/v2\/types\/product"}],"version-history":[{"count":4,"href":"https:\/\/acsoins.fr\/index.php?rest_route=\/wp\/v2\/product\/2467\/revisions"}],"predecessor-version":[{"id":2508,"href":"https:\/\/acsoins.fr\/index.php?rest_route=\/wp\/v2\/product\/2467\/revisions\/2508"}],"wp:featuredmedia":[{"embeddable":true,"href":"https:\/\/acsoins.fr\/index.php?rest_route=\/wp\/v2\/media\/2469"}],"wp:attachment":[{"href":"https:\/\/acsoins.fr\/index.php?rest_route=%2Fwp%2Fv2%2Fmedia&parent=2467"}],"wp:term":[{"taxonomy":"product_cat","embeddable":true,"href":"https:\/\/acsoins.fr\/index.php?rest_route=%2Fwp%2Fv2%2Fproduct_cat&post=2467"},{"taxonomy":"product_tag","embeddable":true,"href":"https:\/\/acsoins.fr\/index.php?rest_route=%2Fwp%2Fv2%2Fproduct_tag&post=2467"}],"curies":[{"name":"wp","href":"https:\/\/api.w.org\/{rel}","templated":true}]}}