{"id":2394,"date":"2023-06-06T16:33:49","date_gmt":"2023-06-06T14:33:49","guid":{"rendered":"https:\/\/acsoins.fr\/?post_type=product&#038;p=2394"},"modified":"2023-06-08T08:34:30","modified_gmt":"2023-06-08T06:34:30","slug":"abena-slip-s4","status":"publish","type":"product","link":"https:\/\/acsoins.fr\/?product=abena-slip-s4","title":{"rendered":"ABENA SLIP S4"},"content":{"rendered":"<p><strong><em>Description<\/em><\/strong><br \/>\nABENA Slip est la gamme premium et \u00e9colabellis\u00e9e de changes complets, d\u00e9velopp\u00e9e pour les personnes souffrant<br \/>\nd\u2019incontinence s\u00e9v\u00e8re \u00e0 tr\u00e8s s\u00e9v\u00e8re. Ils sont con\u00e7us pour apporter une s\u00e9curit\u00e9 optimale contre les fuites et ce dans des<br \/>\nsituations tr\u00e8s exigeantes, o\u00f9 aucun autre type de produit ne peut r\u00e9pondre \u00e0 la condition de la personne.<\/p>\n<p><em><strong>Conditionnement<\/strong><\/em><\/p>\n<p>25 Protections par paquet<\/p>\n<p><em><strong>Absorption<\/strong><\/em><\/p>\n<p>2200 ml<\/p>\n","protected":false},"excerpt":{"rendered":"<p><em><strong>Pour consulter la fiche technique, cliquer sur le lien suivant :<\/strong><\/em><\/p>\n<p><em><strong><a href=\"http:\/\/acsoins.fr\/wp-content\/uploads\/2023\/06\/1000021282.pdf\">1000021282<\/a><\/strong><\/em><\/p>\n","protected":false},"featured_media":2350,"template":"","meta":{"site-sidebar-layout":"default","site-content-layout":"default","ast-global-header-display":"","ast-banner-title-visibility":"","ast-main-header-display":"","ast-hfb-above-header-display":"","ast-hfb-below-header-display":"","ast-hfb-mobile-header-display":"","site-post-title":"","ast-breadcrumbs-content":"","ast-featured-img":"","footer-sml-layout":"","theme-transparent-header-meta":"default","adv-header-id-meta":"","stick-header-meta":"","header-above-stick-meta":"","header-main-stick-meta":"","header-below-stick-meta":""},"product_cat":[46,38,56],"product_tag":[],"_links":{"self":[{"href":"https:\/\/acsoins.fr\/index.php?rest_route=\/wp\/v2\/product\/2394"}],"collection":[{"href":"https:\/\/acsoins.fr\/index.php?rest_route=\/wp\/v2\/product"}],"about":[{"href":"https:\/\/acsoins.fr\/index.php?rest_route=\/wp\/v2\/types\/product"}],"version-history":[{"count":3,"href":"https:\/\/acsoins.fr\/index.php?rest_route=\/wp\/v2\/product\/2394\/revisions"}],"predecessor-version":[{"id":2499,"href":"https:\/\/acsoins.fr\/index.php?rest_route=\/wp\/v2\/product\/2394\/revisions\/2499"}],"wp:featuredmedia":[{"embeddable":true,"href":"https:\/\/acsoins.fr\/index.php?rest_route=\/wp\/v2\/media\/2350"}],"wp:attachment":[{"href":"https:\/\/acsoins.fr\/index.php?rest_route=%2Fwp%2Fv2%2Fmedia&parent=2394"}],"wp:term":[{"taxonomy":"product_cat","embeddable":true,"href":"https:\/\/acsoins.fr\/index.php?rest_route=%2Fwp%2Fv2%2Fproduct_cat&post=2394"},{"taxonomy":"product_tag","embeddable":true,"href":"https:\/\/acsoins.fr\/index.php?rest_route=%2Fwp%2Fv2%2Fproduct_tag&post=2394"}],"curies":[{"name":"wp","href":"https:\/\/api.w.org\/{rel}","templated":true}]}}