{"id":2208,"date":"2023-05-24T16:24:29","date_gmt":"2023-05-24T14:24:29","guid":{"rendered":"https:\/\/acsoins.fr\/?post_type=product&#038;p=2208"},"modified":"2023-05-24T16:24:30","modified_gmt":"2023-05-24T14:24:30","slug":"gel-dermatologique-corps-et-cheveux-rivadouce-500-ml","status":"publish","type":"product","link":"https:\/\/acsoins.fr\/?product=gel-dermatologique-corps-et-cheveux-rivadouce-500-ml","title":{"rendered":"Gel dermatologique corps et cheveux Rivadouce 500 ml"},"content":{"rendered":"<p>Enrichi \u00e0 96% d\u2019ingr\u00e9dients d\u2019origine naturelle, le Gel dermatologique corps et cheveux Rivadouce\u00ae Partenaire Soin est une une solution moussante pour la toilette totale ou partielle des \u00e9pidermes fragilis\u00e9s. Sa formule hypoallerg\u00e9nique, adapt\u00e9e \u00e0 un usage quotidien, respecte l\u2019\u00e9quilibre physiologique des \u00e9pidermes les plus sensibles et pr\u00e9serve l\u2019int\u00e9grit\u00e9 des cheveux fragilis\u00e9s. Existe aussi en format 75ml et 500ml.<\/p>\n","protected":false},"excerpt":{"rendered":"<p>Enrichi \u00e0 96% d\u2019ingr\u00e9dients d\u2019origine naturelle, le Gel dermatologique corps et cheveux Rivadouce\u00ae Partenaire Soin est une une solution moussante pour la toilette totale ou partielle des \u00e9pidermes fragilis\u00e9s. Sa formule hypoallerg\u00e9nique, adapt\u00e9e \u00e0 un usage quotidien, respecte l\u2019\u00e9quilibre physiologique des \u00e9pidermes les plus sensibles et pr\u00e9serve l\u2019int\u00e9grit\u00e9 des cheveux fragilis\u00e9s. Existe aussi en format &hellip;<\/p>\n<p class=\"read-more\"> <a class=\"\" href=\"https:\/\/acsoins.fr\/?product=gel-dermatologique-corps-et-cheveux-rivadouce-500-ml\"> <span class=\"screen-reader-text\">Gel dermatologique corps et cheveux Rivadouce 500 ml<\/span> Lire la suite\u00a0\u00bb<\/a><\/p>\n","protected":false},"featured_media":2205,"template":"","meta":{"site-sidebar-layout":"default","site-content-layout":"default","ast-global-header-display":"","ast-banner-title-visibility":"","ast-main-header-display":"","ast-hfb-above-header-display":"","ast-hfb-below-header-display":"","ast-hfb-mobile-header-display":"","site-post-title":"","ast-breadcrumbs-content":"","ast-featured-img":"","footer-sml-layout":"","theme-transparent-header-meta":"default","adv-header-id-meta":"","stick-header-meta":"","header-above-stick-meta":"","header-main-stick-meta":"","header-below-stick-meta":""},"product_cat":[38],"product_tag":[],"_links":{"self":[{"href":"https:\/\/acsoins.fr\/index.php?rest_route=\/wp\/v2\/product\/2208"}],"collection":[{"href":"https:\/\/acsoins.fr\/index.php?rest_route=\/wp\/v2\/product"}],"about":[{"href":"https:\/\/acsoins.fr\/index.php?rest_route=\/wp\/v2\/types\/product"}],"version-history":[{"count":1,"href":"https:\/\/acsoins.fr\/index.php?rest_route=\/wp\/v2\/product\/2208\/revisions"}],"predecessor-version":[{"id":2209,"href":"https:\/\/acsoins.fr\/index.php?rest_route=\/wp\/v2\/product\/2208\/revisions\/2209"}],"wp:featuredmedia":[{"embeddable":true,"href":"https:\/\/acsoins.fr\/index.php?rest_route=\/wp\/v2\/media\/2205"}],"wp:attachment":[{"href":"https:\/\/acsoins.fr\/index.php?rest_route=%2Fwp%2Fv2%2Fmedia&parent=2208"}],"wp:term":[{"taxonomy":"product_cat","embeddable":true,"href":"https:\/\/acsoins.fr\/index.php?rest_route=%2Fwp%2Fv2%2Fproduct_cat&post=2208"},{"taxonomy":"product_tag","embeddable":true,"href":"https:\/\/acsoins.fr\/index.php?rest_route=%2Fwp%2Fv2%2Fproduct_tag&post=2208"}],"curies":[{"name":"wp","href":"https:\/\/api.w.org\/{rel}","templated":true}]}}