{"id":2195,"date":"2023-05-24T15:02:57","date_gmt":"2023-05-24T13:02:57","guid":{"rendered":"https:\/\/acsoins.fr\/?post_type=product&#038;p=2195"},"modified":"2023-05-25T11:20:11","modified_gmt":"2023-05-25T09:20:11","slug":"draps-dexamens-carton-de-12-rouleaux","status":"publish","type":"product","link":"https:\/\/acsoins.fr\/?product=draps-dexamens-carton-de-12-rouleaux","title":{"rendered":"Draps d&rsquo;examens carton de 12 rouleaux"},"content":{"rendered":"<h2>Le drap d&rsquo;examen<\/h2>\n<p>Le drap d&rsquo;examen en rouleau se place sur la table d&rsquo;examen pour permettre de la garder dans un \u00e9tat de propret\u00e9 plus ou moins optimal entre deux consultations. Le drap se fixe sur une tige con\u00e7ue \u00e0 cet effet et situ\u00e9e \u00e0 l&rsquo;extr\u00e9mit\u00e9 de la table d&rsquo;examen. Le rouleau de drap fait en cellulose se d\u00e9roule ainsi tr\u00e8s facilement sur la table d&rsquo;examen.<\/p>\n","protected":false},"excerpt":{"rendered":"<ul>\n<li>100 % pure ouate de cellulose<\/li>\n<li>150 formats (50&#215;35)<\/li>\n<li>12 rouleaux par carton<\/li>\n<\/ul>\n","protected":false},"featured_media":1618,"template":"","meta":{"site-sidebar-layout":"default","site-content-layout":"default","ast-global-header-display":"","ast-banner-title-visibility":"","ast-main-header-display":"","ast-hfb-above-header-display":"","ast-hfb-below-header-display":"","ast-hfb-mobile-header-display":"","site-post-title":"","ast-breadcrumbs-content":"","ast-featured-img":"","footer-sml-layout":"","theme-transparent-header-meta":"default","adv-header-id-meta":"","stick-header-meta":"","header-above-stick-meta":"","header-main-stick-meta":"","header-below-stick-meta":""},"product_cat":[52,41],"product_tag":[],"_links":{"self":[{"href":"https:\/\/acsoins.fr\/index.php?rest_route=\/wp\/v2\/product\/2195"}],"collection":[{"href":"https:\/\/acsoins.fr\/index.php?rest_route=\/wp\/v2\/product"}],"about":[{"href":"https:\/\/acsoins.fr\/index.php?rest_route=\/wp\/v2\/types\/product"}],"version-history":[{"count":3,"href":"https:\/\/acsoins.fr\/index.php?rest_route=\/wp\/v2\/product\/2195\/revisions"}],"predecessor-version":[{"id":2302,"href":"https:\/\/acsoins.fr\/index.php?rest_route=\/wp\/v2\/product\/2195\/revisions\/2302"}],"wp:featuredmedia":[{"embeddable":true,"href":"https:\/\/acsoins.fr\/index.php?rest_route=\/wp\/v2\/media\/1618"}],"wp:attachment":[{"href":"https:\/\/acsoins.fr\/index.php?rest_route=%2Fwp%2Fv2%2Fmedia&parent=2195"}],"wp:term":[{"taxonomy":"product_cat","embeddable":true,"href":"https:\/\/acsoins.fr\/index.php?rest_route=%2Fwp%2Fv2%2Fproduct_cat&post=2195"},{"taxonomy":"product_tag","embeddable":true,"href":"https:\/\/acsoins.fr\/index.php?rest_route=%2Fwp%2Fv2%2Fproduct_tag&post=2195"}],"curies":[{"name":"wp","href":"https:\/\/api.w.org\/{rel}","templated":true}]}}